{"id":4876,"date":"2025-03-28T08:42:48","date_gmt":"2025-03-28T08:42:48","guid":{"rendered":"https:\/\/elopulse.com\/sobre-nosotros\/"},"modified":"2025-05-28T18:19:52","modified_gmt":"2025-05-28T18:19:52","slug":"nosotros","status":"publish","type":"page","link":"https:\/\/elopulse.com\/es\/nosotros\/","title":{"rendered":"Nosotros"},"content":{"rendered":"<p>[et_pb_section fb_built=\u00bb1&#8243; admin_label=\u00bbHeader\u00bb _builder_version=\u00bb4.22.0&#8243; _module_preset=\u00bbdefault\u00bb background_color=\u00bbgcid-1ceede91-71be-464b-930c-ee204c722893&#8243; da_disable_devices=\u00bboff|off|off\u00bb collapsed=\u00bbon\u00bb global_colors_info=\u00bb{%22gcid-1ceede91-71be-464b-930c-ee204c722893%22:%91%22background_color%22%93}\u00bb da_is_popup=\u00bboff\u00bb da_exit_intent=\u00bboff\u00bb da_has_close=\u00bbon\u00bb da_alt_close=\u00bboff\u00bb da_dark_close=\u00bboff\u00bb da_not_modal=\u00bbon\u00bb da_is_singular=\u00bboff\u00bb da_with_loader=\u00bboff\u00bb da_has_shadow=\u00bbon\u00bb][et_pb_row column_structure=\u00bb3_5,2_5&#8243; use_custom_gutter=\u00bbon\u00bb gutter_width=\u00bb2&#8243; make_equal=\u00bbon\u00bb _builder_version=\u00bb4.27.4&#8243; _module_preset=\u00bbdefault\u00bb global_colors_info=\u00bb{}\u00bb][et_pb_column type=\u00bb3_5&#8243; _builder_version=\u00bb4.22.0&#8243; _module_preset=\u00bbdefault\u00bb background_color=\u00bbgcid-de749df5-82d7-4bad-ba2b-a56855f698d2&#8243; custom_padding=\u00bb40px|40px|40px|40px|true|true\u00bb custom_padding_tablet=\u00bb30px|30px|30px|30px|true|true\u00bb custom_padding_phone=\u00bb20px|20px|20px|20px|true|true\u00bb custom_padding_last_edited=\u00bbon|desktop\u00bb border_radii=\u00bbon|20px|20px|20px|20px\u00bb global_colors_info=\u00bb{%22gcid-de749df5-82d7-4bad-ba2b-a56855f698d2%22:%91%22background_color%22%93}\u00bb][et_pb_text _builder_version=\u00bb4.22.0&#8243; _module_preset=\u00bb7491e6b5-2d1c-4e32-87a9-82ad2c48890f\u00bb global_colors_info=\u00bb{}\u00bb]<\/p>\n<h4>Qui\u00e9nes somos<\/h4>\n<p>[\/et_pb_text][et_pb_text _builder_version=\u00bb4.27.4&#8243; _module_preset=\u00bb94d00b5d-d378-46b0-b1d2-c5eb2e97909f\u00bb custom_margin=\u00bb||10px||false|false\u00bb global_colors_info=\u00bb{}\u00bb]<\/p>\n<h1>Acerca de Elopulse<\/h1>\n<p>[\/et_pb_text][et_pb_text _builder_version=\u00bb4.27.4&#8243; _module_preset=\u00bb48778a56-6469-46ff-85fc-80b537a365cc\u00bb global_colors_info=\u00bb{}\u00bb]<\/p>\n<p><span>Somos distribuidores oficiales de los aparatos NEOPEMF-NEORYTHM desarrollados en Estados Unidos por Omnipemf.<\/span><\/p>\n<p>Con m\u00e1s de 25 a\u00f1os de experiencia en venta directa, formaci\u00f3n y gesti\u00f3n de equipos comerciales, decidimos ayudar a las empresas del sector sanitario que est\u00e1n invirtiendo en tecnolog\u00eda para penetrar en nuevos mercados con el prop\u00f3sito de crear un impacto positivo en la salud de las personas.<\/p>\n<p>Llevamos m\u00e1s de 5 a\u00f1os utilizando estos sistemas, y sabemos por experiencia personal el potencial y el poder de disfrutar de estados mentales de alto rendimiento.<\/p>\n<p>Comprendemos el impacto social que puede tener el uso de estos dispositivos y la inmensa cantidad de dolor que pueden ayudar a reducir.<\/p>\n<p>[\/et_pb_text][et_pb_button button_text=\u00bbComprar en l\u00ednea\u00bb _builder_version=\u00bb4.27.4&#8243; _module_preset=\u00bb497113e2-f0a8-4355-bc28-9fce32cb36dd\u00bb hover_enabled=\u00bb0&#8243; global_colors_info=\u00bb{}\u00bb button_url=\u00bbhttps:\/\/elopulse.com\/tienda\/\u00bb url_new_window=\u00bbon\u00bb sticky_enabled=\u00bb0&#8243;][\/et_pb_button][\/et_pb_column][et_pb_column type=\u00bb2_5&#8243; _builder_version=\u00bb4.27.4&#8243; _module_preset=\u00bbdefault\u00bb background_image=\u00bbhttps:\/\/elopulse.com\/wp-content\/uploads\/2025\/03\/3X6A0397.jpg\u00bb background_position=\u00bbcenter_left\u00bb background_horizontal_offset=\u00bb18%\u00bb border_radii=\u00bbon|20px|20px|20px|20px\u00bb global_colors_info=\u00bb{}\u00bb][et_pb_divider show_divider=\u00bboff\u00bb _builder_version=\u00bb4.22.0&#8243; _module_preset=\u00bbdefault\u00bb height_tablet=\u00bb40vw\u00bb height_phone=\u00bb40vw\u00bb height_last_edited=\u00bbon|desktop\u00bb locked=\u00bboff\u00bb global_colors_info=\u00bb{}\u00bb][\/et_pb_divider][\/et_pb_column][\/et_pb_row][\/et_pb_section][et_pb_section fb_built=\u00bb1&#8243; admin_label=\u00bbAbout\u00bb _builder_version=\u00bb4.27.4&#8243; _module_preset=\u00bbdefault\u00bb background_color=\u00bbgcid-28366106-ecf8-496b-97f0-6a9be6882356&#8243; da_disable_devices=\u00bboff|off|off\u00bb locked=\u00bboff\u00bb collapsed=\u00bbon\u00bb global_colors_info=\u00bb{%22gcid-28366106-ecf8-496b-97f0-6a9be6882356%22:%91%22background_color%22%93}\u00bb da_is_popup=\u00bboff\u00bb da_exit_intent=\u00bboff\u00bb da_has_close=\u00bbon\u00bb da_alt_close=\u00bboff\u00bb da_dark_close=\u00bboff\u00bb da_not_modal=\u00bbon\u00bb da_is_singular=\u00bboff\u00bb da_with_loader=\u00bboff\u00bb da_has_shadow=\u00bbon\u00bb][et_pb_row column_structure=\u00bb1_2,1_2&#8243; make_equal=\u00bbon\u00bb _builder_version=\u00bb4.22.0&#8243; _module_preset=\u00bbdefault\u00bb global_colors_info=\u00bb{}\u00bb][et_pb_column type=\u00bb1_2&#8243; _builder_version=\u00bb4.22.0&#8243; _module_preset=\u00bbdefault\u00bb global_colors_info=\u00bb{}\u00bb][et_pb_image src=\u00bbhttps:\/\/elopulse.com\/wp-content\/uploads\/2025\/03\/3X6A9673-scaled.jpg\u00bb title_text=\u00bb3X6A9673&#8243; _builder_version=\u00bb4.27.4&#8243; _module_preset=\u00bbdefault\u00bb border_radii=\u00bbon|20px|20px|20px|20px\u00bb global_colors_info=\u00bb{}\u00bb][\/et_pb_image][\/et_pb_column][et_pb_column type=\u00bb1_2&#8243; _builder_version=\u00bb4.22.0&#8243; _module_preset=\u00bbdefault\u00bb global_colors_info=\u00bb{}\u00bb][et_pb_text _builder_version=\u00bb4.22.0&#8243; _module_preset=\u00bb7491e6b5-2d1c-4e32-87a9-82ad2c48890f\u00bb header_4_text_color=\u00bb#FFFFFF\u00bb global_colors_info=\u00bb{}\u00bb]<\/p>\n<h4>Un largo viaje<\/h4>\n<p>[\/et_pb_text][et_pb_text _builder_version=\u00bb4.22.0&#8243; _module_preset=\u00bbbb24ee6a-f549-4a0e-bdf0-ae9321ecca20&#8243; header_2_text_color=\u00bb#FFFFFF\u00bb custom_margin=\u00bb||10px||false|false\u00bb global_colors_info=\u00bb{}\u00bb]<\/p>\n<h2>Nuestra visi\u00f3n<\/h2>\n<p>[\/et_pb_text][et_pb_text _builder_version=\u00bb4.27.4&#8243; _module_preset=\u00bb48778a56-6469-46ff-85fc-80b537a365cc\u00bb text_text_color=\u00bb#FFFFFF\u00bb global_colors_info=\u00bb{}\u00bb]<\/p>\n<p><span>En una sociedad bombardeada de est\u00edmulos, recuperar nuestra atenci\u00f3n y claridad mental es esencial para disfrutar de un estilo de vida saludable.<\/span><\/p>\n<p><span>Problemas como el estr\u00e9s, la falta de concentraci\u00f3n, la hiperactividad, los trastornos del sue\u00f1o o el dolor cr\u00f3nico pueden tratarse con la tecnolog\u00eda de los dispositivos NEOPEMF.<\/span><\/p>\n<p>[\/et_pb_text][\/et_pb_column][\/et_pb_row][\/et_pb_section][et_pb_section fb_built=\u00bb1&#8243; admin_label=\u00bbMission &#038; Vision\u00bb _builder_version=\u00bb4.22.0&#8243; _module_preset=\u00bbdefault\u00bb background_color=\u00bbgcid-28366106-ecf8-496b-97f0-6a9be6882356&#8243; da_disable_devices=\u00bboff|off|off\u00bb collapsed=\u00bbon\u00bb global_colors_info=\u00bb{%22gcid-28366106-ecf8-496b-97f0-6a9be6882356%22:%91%22background_color%22%93}\u00bb da_is_popup=\u00bboff\u00bb da_exit_intent=\u00bboff\u00bb da_has_close=\u00bbon\u00bb da_alt_close=\u00bboff\u00bb da_dark_close=\u00bboff\u00bb da_not_modal=\u00bbon\u00bb da_is_singular=\u00bboff\u00bb da_with_loader=\u00bboff\u00bb da_has_shadow=\u00bbon\u00bb][et_pb_row column_structure=\u00bb1_2,1_2&#8243; _builder_version=\u00bb4.22.0&#8243; _module_preset=\u00bbdefault\u00bb border_color_all=\u00bb#FFFFFF\u00bb border_width_bottom=\u00bb1px\u00bb global_colors_info=\u00bb{}\u00bb][et_pb_column type=\u00bb1_2&#8243; _builder_version=\u00bb4.22.0&#8243; _module_preset=\u00bbdefault\u00bb global_colors_info=\u00bb{}\u00bb][et_pb_text _builder_version=\u00bb4.22.0&#8243; _module_preset=\u00bb2706ee93-9e29-4a5c-aa69-58958f1545f7&#8243; header_5_text_color=\u00bb#FFFFFF\u00bb text_orientation=\u00bbright\u00bb text_orientation_tablet=\u00bbleft\u00bb text_orientation_phone=\u00bbleft\u00bb text_orientation_last_edited=\u00bbon|tablet\u00bb global_colors_info=\u00bb{}\u00bb]<\/p>\n<h5>Nuestra misi\u00f3n<\/h5>\n<p>[\/et_pb_text][\/et_pb_column][et_pb_column type=\u00bb1_2&#8243; _builder_version=\u00bb4.22.0&#8243; _module_preset=\u00bbdefault\u00bb global_colors_info=\u00bb{}\u00bb][et_pb_text _builder_version=\u00bb4.27.4&#8243; _module_preset=\u00bb48778a56-6469-46ff-85fc-80b537a365cc\u00bb text_text_color=\u00bb#FFFFFF\u00bb global_colors_info=\u00bb{}\u00bb]<\/p>\n<p><span>S\u00e9 la voz que difunde y promueve los tratamientos de Biohacking, junto con sus beneficios, para que cualquier persona pueda mejorar su salud y recuperar el bienestar en su vida.<\/span><\/p>\n<p>[\/et_pb_text][\/et_pb_column][\/et_pb_row][et_pb_row column_structure=\u00bb1_2,1_2&#8243; _builder_version=\u00bb4.22.0&#8243; _module_preset=\u00bbdefault\u00bb border_color_all=\u00bb#FFFFFF\u00bb border_width_bottom=\u00bb1px\u00bb global_colors_info=\u00bb{}\u00bb][et_pb_column type=\u00bb1_2&#8243; _builder_version=\u00bb4.22.0&#8243; _module_preset=\u00bbdefault\u00bb global_colors_info=\u00bb{}\u00bb][et_pb_text _builder_version=\u00bb4.22.0&#8243; _module_preset=\u00bb2706ee93-9e29-4a5c-aa69-58958f1545f7&#8243; header_5_text_color=\u00bb#FFFFFF\u00bb text_orientation=\u00bbright\u00bb text_orientation_tablet=\u00bbleft\u00bb text_orientation_phone=\u00bbleft\u00bb text_orientation_last_edited=\u00bbon|tablet\u00bb global_colors_info=\u00bb{}\u00bb]<\/p>\n<h5>Nuestra visi\u00f3n<\/h5>\n<p>[\/et_pb_text][\/et_pb_column][et_pb_column type=\u00bb1_2&#8243; _builder_version=\u00bb4.22.0&#8243; _module_preset=\u00bbdefault\u00bb global_colors_info=\u00bb{}\u00bb][et_pb_text _builder_version=\u00bb4.27.4&#8243; _module_preset=\u00bb48778a56-6469-46ff-85fc-80b537a365cc\u00bb text_text_color=\u00bb#FFFFFF\u00bb global_colors_info=\u00bb{}\u00bb]<\/p>\n<p><span>Una sociedad de individuos despiertos y sanos, con estilos de vida saludables. Un mundo m\u00e1s liberado y menos agobiado por el dolor.<\/span><\/p>\n<p>[\/et_pb_text][\/et_pb_column][\/et_pb_row][et_pb_row column_structure=\u00bb1_2,1_2&#8243; _builder_version=\u00bb4.22.0&#8243; _module_preset=\u00bbdefault\u00bb border_color_all=\u00bb#FFFFFF\u00bb border_width_bottom=\u00bb1px\u00bb global_colors_info=\u00bb{}\u00bb][et_pb_column type=\u00bb1_2&#8243; _builder_version=\u00bb4.22.0&#8243; _module_preset=\u00bbdefault\u00bb global_colors_info=\u00bb{}\u00bb][et_pb_text _builder_version=\u00bb4.22.0&#8243; _module_preset=\u00bb2706ee93-9e29-4a5c-aa69-58958f1545f7&#8243; header_5_text_color=\u00bb#FFFFFF\u00bb text_orientation=\u00bbright\u00bb text_orientation_tablet=\u00bbleft\u00bb text_orientation_phone=\u00bbleft\u00bb text_orientation_last_edited=\u00bbon|tablet\u00bb global_colors_info=\u00bb{}\u00bb]<\/p>\n<h5>Nuestros valores<\/h5>\n<p>[\/et_pb_text][\/et_pb_column][et_pb_column type=\u00bb1_2&#8243; _builder_version=\u00bb4.22.0&#8243; _module_preset=\u00bbdefault\u00bb global_colors_info=\u00bb{}\u00bb][et_pb_text _builder_version=\u00bb4.27.4&#8243; _module_preset=\u00bb48778a56-6469-46ff-85fc-80b537a365cc\u00bb text_text_color=\u00bb#FFFFFF\u00bb global_colors_info=\u00bb{}\u00bb]<\/p>\n<p><span>Comprendemos el impacto social que puede tener el uso de estos dispositivos y la inmensa cantidad de dolor que pueden ayudar a reducir.<\/span><\/p>\n<p>[\/et_pb_text][\/et_pb_column][\/et_pb_row][\/et_pb_section]<\/p>\n","protected":false},"excerpt":{"rendered":"<p>Qui\u00e9nes somosAcerca de ElopulseSomos distribuidores oficiales de los aparatos NEOPEMF-NEORYTHM desarrollados en Estados Unidos por Omnipemf. Con m\u00e1s de 25 a\u00f1os de experiencia en venta directa, formaci\u00f3n y gesti\u00f3n de equipos comerciales, decidimos ayudar a las empresas del sector sanitario que est\u00e1n invirtiendo en tecnolog\u00eda para penetrar en nuevos mercados con el prop\u00f3sito de crear [&hellip;]<\/p>\n","protected":false},"author":1,"featured_media":4755,"parent":0,"menu_order":0,"comment_status":"closed","ping_status":"closed","template":"","meta":{"_et_pb_use_builder":"on","_et_pb_old_content":"","_et_gb_content_width":"","footnotes":""},"class_list":["post-4876","page","type-page","status-publish","has-post-thumbnail","hentry"],"yoast_head":"<!-- This site is optimized with the Yoast SEO plugin v27.4 - https:\/\/yoast.com\/product\/yoast-seo-wordpress\/ -->\n<title>Elopulse | Dispositivos PEMF<\/title>\n<meta name=\"description\" content=\"Distribuidores de dispositivos PEMF para solucionar estr\u00e9s, la falta de concentraci\u00f3n, los trastornos del sue\u00f1o o el dolor cr\u00f3nico.\" \/>\n<meta name=\"robots\" content=\"index, follow, max-snippet:-1, max-image-preview:large, max-video-preview:-1\" \/>\n<link rel=\"canonical\" href=\"https:\/\/elopulse.com\/es\/nosotros\/\" \/>\n<meta property=\"og:locale\" content=\"es_ES\" \/>\n<meta property=\"og:type\" content=\"article\" \/>\n<meta property=\"og:title\" content=\"Elopulse | Dispositivos PEMF\" \/>\n<meta property=\"og:description\" content=\"Distribuidores de dispositivos PEMF para solucionar estr\u00e9s, la falta de concentraci\u00f3n, los trastornos del sue\u00f1o o el dolor cr\u00f3nico.\" \/>\n<meta property=\"og:url\" content=\"https:\/\/elopulse.com\/es\/nosotros\/\" \/>\n<meta property=\"og:site_name\" content=\"elopulse.com\" \/>\n<meta property=\"article:modified_time\" content=\"2025-05-28T18:19:52+00:00\" \/>\n<meta property=\"og:image\" content=\"https:\/\/elopulse.com\/wp-content\/uploads\/2025\/03\/3X6A0348.jpg\" \/>\n\t<meta property=\"og:image:width\" content=\"1080\" \/>\n\t<meta property=\"og:image:height\" content=\"720\" \/>\n\t<meta property=\"og:image:type\" content=\"image\/jpeg\" \/>\n<meta name=\"twitter:card\" content=\"summary_large_image\" \/>\n<meta name=\"twitter:label1\" content=\"Tiempo de lectura\" \/>\n\t<meta name=\"twitter:data1\" content=\"3 minutos\" \/>\n<script type=\"application\/ld+json\" class=\"yoast-schema-graph\">{\"@context\":\"https:\\\/\\\/schema.org\",\"@graph\":[{\"@type\":\"WebPage\",\"@id\":\"https:\\\/\\\/elopulse.com\\\/es\\\/nosotros\\\/\",\"url\":\"https:\\\/\\\/elopulse.com\\\/es\\\/nosotros\\\/\",\"name\":\"Elopulse | Dispositivos PEMF\",\"isPartOf\":{\"@id\":\"https:\\\/\\\/elopulse.com\\\/es\\\/#website\"},\"primaryImageOfPage\":{\"@id\":\"https:\\\/\\\/elopulse.com\\\/es\\\/nosotros\\\/#primaryimage\"},\"image\":{\"@id\":\"https:\\\/\\\/elopulse.com\\\/es\\\/nosotros\\\/#primaryimage\"},\"thumbnailUrl\":\"https:\\\/\\\/elopulse.com\\\/wp-content\\\/uploads\\\/2025\\\/03\\\/3X6A0348.jpg\",\"datePublished\":\"2025-03-28T08:42:48+00:00\",\"dateModified\":\"2025-05-28T18:19:52+00:00\",\"description\":\"Distribuidores de dispositivos PEMF para solucionar estr\u00e9s, la falta de concentraci\u00f3n, los trastornos del sue\u00f1o o el dolor cr\u00f3nico.\",\"breadcrumb\":{\"@id\":\"https:\\\/\\\/elopulse.com\\\/es\\\/nosotros\\\/#breadcrumb\"},\"inLanguage\":\"es\",\"potentialAction\":[{\"@type\":\"ReadAction\",\"target\":[\"https:\\\/\\\/elopulse.com\\\/es\\\/nosotros\\\/\"]}]},{\"@type\":\"ImageObject\",\"inLanguage\":\"es\",\"@id\":\"https:\\\/\\\/elopulse.com\\\/es\\\/nosotros\\\/#primaryimage\",\"url\":\"https:\\\/\\\/elopulse.com\\\/wp-content\\\/uploads\\\/2025\\\/03\\\/3X6A0348.jpg\",\"contentUrl\":\"https:\\\/\\\/elopulse.com\\\/wp-content\\\/uploads\\\/2025\\\/03\\\/3X6A0348.jpg\",\"width\":1080,\"height\":720,\"caption\":\"Issues such as stress, lack of focus, hyperactivity, sleep disorders, or chronic pain can be addressed with the technology of NEOPEMF devices.\"},{\"@type\":\"BreadcrumbList\",\"@id\":\"https:\\\/\\\/elopulse.com\\\/es\\\/nosotros\\\/#breadcrumb\",\"itemListElement\":[{\"@type\":\"ListItem\",\"position\":1,\"name\":\"Home\",\"item\":\"https:\\\/\\\/elopulse.com\\\/es\\\/\"},{\"@type\":\"ListItem\",\"position\":2,\"name\":\"Nosotros\"}]},{\"@type\":\"WebSite\",\"@id\":\"https:\\\/\\\/elopulse.com\\\/es\\\/#website\",\"url\":\"https:\\\/\\\/elopulse.com\\\/es\\\/\",\"name\":\"elopulse.com\",\"description\":\"Empower Your Mind\",\"potentialAction\":[{\"@type\":\"SearchAction\",\"target\":{\"@type\":\"EntryPoint\",\"urlTemplate\":\"https:\\\/\\\/elopulse.com\\\/es\\\/?s={search_term_string}\"},\"query-input\":{\"@type\":\"PropertyValueSpecification\",\"valueRequired\":true,\"valueName\":\"search_term_string\"}}],\"inLanguage\":\"es\"}]}<\/script>\n<!-- \/ Yoast SEO plugin. -->","yoast_head_json":{"title":"Elopulse | Dispositivos PEMF","description":"Distribuidores de dispositivos PEMF para solucionar estr\u00e9s, la falta de concentraci\u00f3n, los trastornos del sue\u00f1o o el dolor cr\u00f3nico.","robots":{"index":"index","follow":"follow","max-snippet":"max-snippet:-1","max-image-preview":"max-image-preview:large","max-video-preview":"max-video-preview:-1"},"canonical":"https:\/\/elopulse.com\/es\/nosotros\/","og_locale":"es_ES","og_type":"article","og_title":"Elopulse | Dispositivos PEMF","og_description":"Distribuidores de dispositivos PEMF para solucionar estr\u00e9s, la falta de concentraci\u00f3n, los trastornos del sue\u00f1o o el dolor cr\u00f3nico.","og_url":"https:\/\/elopulse.com\/es\/nosotros\/","og_site_name":"elopulse.com","article_modified_time":"2025-05-28T18:19:52+00:00","og_image":[{"width":1080,"height":720,"url":"https:\/\/elopulse.com\/wp-content\/uploads\/2025\/03\/3X6A0348.jpg","type":"image\/jpeg"}],"twitter_card":"summary_large_image","twitter_misc":{"Tiempo de lectura":"3 minutos"},"schema":{"@context":"https:\/\/schema.org","@graph":[{"@type":"WebPage","@id":"https:\/\/elopulse.com\/es\/nosotros\/","url":"https:\/\/elopulse.com\/es\/nosotros\/","name":"Elopulse | Dispositivos PEMF","isPartOf":{"@id":"https:\/\/elopulse.com\/es\/#website"},"primaryImageOfPage":{"@id":"https:\/\/elopulse.com\/es\/nosotros\/#primaryimage"},"image":{"@id":"https:\/\/elopulse.com\/es\/nosotros\/#primaryimage"},"thumbnailUrl":"https:\/\/elopulse.com\/wp-content\/uploads\/2025\/03\/3X6A0348.jpg","datePublished":"2025-03-28T08:42:48+00:00","dateModified":"2025-05-28T18:19:52+00:00","description":"Distribuidores de dispositivos PEMF para solucionar estr\u00e9s, la falta de concentraci\u00f3n, los trastornos del sue\u00f1o o el dolor cr\u00f3nico.","breadcrumb":{"@id":"https:\/\/elopulse.com\/es\/nosotros\/#breadcrumb"},"inLanguage":"es","potentialAction":[{"@type":"ReadAction","target":["https:\/\/elopulse.com\/es\/nosotros\/"]}]},{"@type":"ImageObject","inLanguage":"es","@id":"https:\/\/elopulse.com\/es\/nosotros\/#primaryimage","url":"https:\/\/elopulse.com\/wp-content\/uploads\/2025\/03\/3X6A0348.jpg","contentUrl":"https:\/\/elopulse.com\/wp-content\/uploads\/2025\/03\/3X6A0348.jpg","width":1080,"height":720,"caption":"Issues such as stress, lack of focus, hyperactivity, sleep disorders, or chronic pain can be addressed with the technology of NEOPEMF devices."},{"@type":"BreadcrumbList","@id":"https:\/\/elopulse.com\/es\/nosotros\/#breadcrumb","itemListElement":[{"@type":"ListItem","position":1,"name":"Home","item":"https:\/\/elopulse.com\/es\/"},{"@type":"ListItem","position":2,"name":"Nosotros"}]},{"@type":"WebSite","@id":"https:\/\/elopulse.com\/es\/#website","url":"https:\/\/elopulse.com\/es\/","name":"elopulse.com","description":"Empower Your Mind","potentialAction":[{"@type":"SearchAction","target":{"@type":"EntryPoint","urlTemplate":"https:\/\/elopulse.com\/es\/?s={search_term_string}"},"query-input":{"@type":"PropertyValueSpecification","valueRequired":true,"valueName":"search_term_string"}}],"inLanguage":"es"}]}},"_links":{"self":[{"href":"https:\/\/elopulse.com\/es\/wp-json\/wp\/v2\/pages\/4876","targetHints":{"allow":["GET"]}}],"collection":[{"href":"https:\/\/elopulse.com\/es\/wp-json\/wp\/v2\/pages"}],"about":[{"href":"https:\/\/elopulse.com\/es\/wp-json\/wp\/v2\/types\/page"}],"author":[{"embeddable":true,"href":"https:\/\/elopulse.com\/es\/wp-json\/wp\/v2\/users\/1"}],"replies":[{"embeddable":true,"href":"https:\/\/elopulse.com\/es\/wp-json\/wp\/v2\/comments?post=4876"}],"version-history":[{"count":7,"href":"https:\/\/elopulse.com\/es\/wp-json\/wp\/v2\/pages\/4876\/revisions"}],"predecessor-version":[{"id":5111,"href":"https:\/\/elopulse.com\/es\/wp-json\/wp\/v2\/pages\/4876\/revisions\/5111"}],"wp:featuredmedia":[{"embeddable":true,"href":"https:\/\/elopulse.com\/es\/wp-json\/wp\/v2\/media\/4755"}],"wp:attachment":[{"href":"https:\/\/elopulse.com\/es\/wp-json\/wp\/v2\/media?parent=4876"}],"curies":[{"name":"wp","href":"https:\/\/api.w.org\/{rel}","templated":true}]}}