{"id":4888,"date":"2025-04-23T15:13:06","date_gmt":"2025-04-23T15:13:06","guid":{"rendered":"https:\/\/elopulse.com\/politica-de-privacidad-y-cookies\/"},"modified":"2025-05-21T22:04:10","modified_gmt":"2025-05-21T22:04:10","slug":"politica-privacidad-cookies","status":"publish","type":"page","link":"https:\/\/elopulse.com\/es\/politica-privacidad-cookies\/","title":{"rendered":"Pol\u00edtica de privacidad y cookies"},"content":{"rendered":"<p>[et_pb_section fb_built=\u00bb1&#8243; theme_builder_area=\u00bbpost_content\u00bb _builder_version=\u00bb4.27.4&#8243; _module_preset=\u00bbdefault\u00bb da_is_popup=\u00bboff\u00bb da_exit_intent=\u00bboff\u00bb da_has_close=\u00bbon\u00bb da_alt_close=\u00bboff\u00bb da_dark_close=\u00bboff\u00bb da_not_modal=\u00bbon\u00bb da_is_singular=\u00bboff\u00bb da_with_loader=\u00bboff\u00bb da_has_shadow=\u00bbon\u00bb da_disable_devices=\u00bboff|off|off\u00bb][et_pb_row _builder_version=\u00bb4.27.4&#8243; _module_preset=\u00bbdefault\u00bb theme_builder_area=\u00bbpost_content\u00bb][et_pb_column _builder_version=\u00bb4.27.4&#8243; _module_preset=\u00bbdefault\u00bb type=\u00bb4_4&#8243; theme_builder_area=\u00bbpost_content\u00bb][et_pb_text _builder_version=\u00bb4.27.4&#8243; _module_preset=\u00bbdefault\u00bb theme_builder_area=\u00bbpost_content\u00bb hover_enabled=\u00bb0&#8243; sticky_enabled=\u00bb0&#8243;]<\/p>\n<p><strong>Consideraciones preliminares<\/strong><\/p>\n<p>El t\u00e9rmino \u201cusuario\u201d se refiere a cualquier persona que navegue por este sitio web.<\/p>\n<p>El t\u00e9rmino \u201ceditor\u201d se refiere al propietario del sitio web, tal y como se identifica en el aviso legal.<\/p>\n<p>Al navegar por el sitio web, el usuario expresa su aceptaci\u00f3n y autorizaci\u00f3n para el uso de cookies en su navegador. Si en alg\u00fan momento desea revocar esta autorizaci\u00f3n, puede hacerlo sin ning\u00fan obst\u00e1culo. Para ello, puede consultar el apartado \u201cDesactivaci\u00f3n o eliminaci\u00f3n de cookies\u201d, que se describe en estas pol\u00edticas.  <\/p>\n<p>El editor tiene pleno derecho a realizar los cambios que considere necesarios en el sitio web. Esto puede incluir la adici\u00f3n de secciones, funcionalidades o elementos que podr\u00edan conllevar el uso de nuevas cookies. Por lo tanto, se aconseja a los usuarios que comprueben estas pol\u00edticas de cookies cada vez que visiten el sitio web para mantenerse al d\u00eda de cualquier cambio que se haya producido desde su \u00faltima visita.  <\/p>\n<p><strong>Definici\u00f3n y funci\u00f3n de las cookies<\/strong><\/p>\n<p>Las cookies son fragmentos de informaci\u00f3n almacenados en el navegador del usuario para registrar la actividad previa en un sitio web y recordar ciertos datos para una visita futura. Su uso est\u00e1 muy extendido y lo ha estado durante muchos a\u00f1os. <\/p>\n<p>Suelen almacenar datos t\u00e9cnicos, estad\u00edsticas de uso, enlaces a redes sociales, ajustes de preferencias personales y otras funciones con el fin de adaptar el sitio web a las necesidades y configuraci\u00f3n del usuario, mejorando as\u00ed su experiencia de navegaci\u00f3n. No aceptarlas podr\u00eda obstaculizar los servicios que el sitio web pretende prestar. <\/p>\n<p>Las cookies no son archivos de virus, spam, troyanos, gusanos, spyware ni software publicitario, ya sea est\u00e1tico o en formato pop-up.<\/p>\n<p><strong>Cookies utilizadas en este sitio web<\/strong><\/p>\n<p>En cumplimiento de la normativa establecida por la Agencia Espa\u00f1ola de Protecci\u00f3n de Datos, se informa a los usuarios de que este sitio web utiliza los siguientes tipos de cookies: t\u00e9cnicas, de personalizaci\u00f3n, anal\u00edticas, publicitarias y de publicidad comportamental, tal y como se detalla a continuaci\u00f3n:<\/p>\n<p><strong>Cookies propias:<\/strong><\/p>\n<p>Cookies de sesi\u00f3n o de entrada del usuario: Relacionadas con la actividad en el sitio web, se utilizan para registrar lo que se ha rellenado en formularios, o para determinar que el usuario es humano y evitar spam o aplicaciones automatizadas no autorizadas. Por ejemplo, permiten a los usuarios publicar comentarios en un blog, almacenar art\u00edculos en un carrito de la compra o ver un \u00e1rea de cliente personalizada. <\/p>\n<p>Cookies de seguridad del usuario: Destinadas a evitar intentos de inicio de sesi\u00f3n incorrectos.<\/p>\n<p>Cookies de personalizaci\u00f3n de la interfaz de usuario<\/p>\n<p>Cookies de complemento para compartir contenido social<\/p>\n<p>Cookies de terceros:<\/p>\n<p>Google Analytics: Google almacena cookies a trav\u00e9s de su servicio Analytics para generar informes estad\u00edsticos sobre el tr\u00e1fico del sitio web y el volumen de visitas. Al navegar y utilizar el sitio web, el usuario acepta estas cookies y su tratamiento. Para ejercer los derechos correspondientes, el usuario debe ponerse en contacto directamente con Google.  <\/p>\n<p>Redes Sociales: Este sitio est\u00e1 conectado a redes sociales como Twitter, Pinterest, Facebook, Instagram, entre otras especificadas en el sitio web, para permitir a los usuarios compartir o comentar contenidos. Cada red es responsable de las cookies que instala en el navegador del usuario. <\/p>\n<p>Publicidad externa: El sitio web puede estar conectado con afiliados publicitarios como Amazon, eBay, Etsy, etc., que recogen las preferencias de los usuarios para ofrecer productos m\u00e1s relevantes. Para cualquier derecho relacionado con esto, los usuarios deben ponerse en contacto directamente con la entidad publicitaria. <\/p>\n<p><strong>Cookies utilizadas en este sitio web<\/strong><\/p>\n<p>De conformidad con el art\u00edculo 22.2 de la Ley 34\/2002, de 11 de julio, de Servicios de la Sociedad de la Informaci\u00f3n y Comercio Electr\u00f3nico (LSSI), las cookies que pueden instalarse durante la navegaci\u00f3n por este sitio web incluyen:<\/p>\n<p>Desactivar o eliminar cookies<\/p>\n<p>Los usuarios pueden rechazar el uso de cookies en cualquier momento y desactivarlas o eliminarlas en consecuencia. Las instrucciones var\u00edan en funci\u00f3n del navegador utilizado. <\/p>\n<p><strong>Avisos relacionados con las cookies<\/strong><\/p>\n<p>El editor no se hace responsable de los fallos t\u00e9cnicos que pudiera experimentar el usuario en el sitio web o en su navegador, debidos a una incorrecta manipulaci\u00f3n de los par\u00e1metros de las cookies. El usuario debe consultar la secci\u00f3n de ayuda de su navegador para obtener orientaci\u00f3n. El usuario asume la responsabilidad de eliminar o desactivar las cookies y las consecuencias que de ello se deriven.  <\/p>\n<p>El editor no crea cookies; estos archivos son preconfigurados por el navegador del usuario, los plug-ins y las herramientas de edici\u00f3n utilizadas para construir el sitio web.<\/p>\n<p>Si un usuario borra las cookies y quiere volver a navegar por el sitio web, debe volver a aceptar las cookies.<\/p>\n<p>En cuanto a las cookies de Google Analytics, los datos recogidos son an\u00f3nimos. Las cookies se almacenan en servidores de EE.UU. Google declara que no almacena direcciones IP ni datos personales y que no compartir\u00e1 la informaci\u00f3n, excepto cuando lo exija una orden judicial. Google Inc. ha firmado el Acuerdo de Puerto Seguro, que garantiza que los datos transferidos se tratan con un nivel de protecci\u00f3n conforme a la normativa europea. Para m\u00e1s informaci\u00f3n, visita Uso de cookies de Google Analytics   <\/p>\n<p>Los usuarios siempre pueden ponerse en contacto con EL ADMINISTRADOR a trav\u00e9s del correo electr\u00f3nico publicado en el sitio web.<\/p>\n<p><strong>M\u00e1s informaci\u00f3n sobre las cookies<\/strong><\/p>\n<p>Esta secci\u00f3n es puramente informativa. \u201cEditor\u201d se refiere a la persona responsable de programar el contenido del sitio web, y \u201cusuario\u201d se refiere a cualquier visitante del sitio. Ambos se utilizan en t\u00e9rminos generales.  <\/p>\n<p>Informaci\u00f3n almacenada por las cookies<\/p>\n<p>Las cookies almacenan datos t\u00e9cnicos como la personalizaci\u00f3n del contenido, la aceptaci\u00f3n del uso de cookies y configuraciones personales. Normalmente no se almacena informaci\u00f3n sensible como n\u00fameros de tarjetas de cr\u00e9dito\/d\u00e9bito, cuentas bancarias, identificaciones personales o im\u00e1genes. <\/p>\n<p>La informaci\u00f3n almacenada se refiere al navegador (por ejemplo, Internet Explorer, Safari, Chrome, Firefox), no al usuario. Puedes confirmarlo visitando el mismo dominio web en dos navegadores distintos y estableciendo preferencias diferentes para cada uno de ellos. <\/p>\n<p><strong>Tipos de cookies<\/strong><\/p>\n<p>Esta secci\u00f3n sigue la Gu\u00eda sobre el Uso de Cookies de la Agencia Espa\u00f1ola de Protecci\u00f3n de Datos: Gu\u00eda de Cookies (PDF)<\/p>\n<p>Por Entidad que los gestiona<\/p>\n<p>Cookies propias: Enviadas al dispositivo del usuario desde un equipo o dominio gestionado por el editor para prestar el servicio solicitado.<\/p>\n<p>Cookies de terceros: Enviadas desde un dispositivo o dominio no gestionado por el editor, sino por otra entidad que trata los datos mediante cookies.<\/p>\n<p>Si las cookies se instalan desde un dominio gestionado por el editor, pero la informaci\u00f3n es tratada por un tercero, no se consideran cookies propias.<\/p>\n<p>Por duraci\u00f3n<\/p>\n<p>Cookies de sesi\u00f3n: Dise\u00f1adas para recoger y almacenar datos mientras el usuario accede a un sitio web, normalmente se utilizan para una \u00fanica sesi\u00f3n de servicio.<\/p>\n<p>Cookies persistentes: Los datos permanecen almacenados en el dispositivo del usuario y se puede acceder a ellos y procesarlos durante un periodo definido por el propietario de la cookie, de minutos a a\u00f1os.<\/p>\n<p>Por finalidad<\/p>\n<p>Cookies t\u00e9cnicas: Permiten la navegaci\u00f3n por el sitio web y el uso de servicios como la comunicaci\u00f3n de datos, la identificaci\u00f3n de la sesi\u00f3n, el acceso restringido, recordar los elementos del carrito, completar una compra, inscribirse en eventos, utilizar funciones de seguridad, almacenar archivos multimedia o compartir contenidos en redes sociales.<\/p>\n<p>Cookies de personalizaci\u00f3n: Permiten el acceso al servicio con caracter\u00edsticas generales predefinidas, como el idioma, el tipo de navegador o la configuraci\u00f3n regional.<\/p>\n<p>Cookies anal\u00edticas: Permiten el seguimiento y an\u00e1lisis del comportamiento de los usuarios en los sitios web enlazados, y se utilizan para medir la actividad y mejorar los servicios en funci\u00f3n del uso.<\/p>\n<p>Cookies publicitarias: Gestionar eficazmente los espacios publicitarios en funci\u00f3n del contenido o de la frecuencia de los anuncios.<\/p>\n<p>Cookies de publicidad comportamental: Almacenan informaci\u00f3n del comportamiento de los usuarios obtenida a trav\u00e9s de la observaci\u00f3n continuada de sus h\u00e1bitos de navegaci\u00f3n, para elaborar perfiles publicitarios espec\u00edficos.<\/p>\n<p>Consecuencias de desactivar las cookies<\/p>\n<p>Ejemplos de lo que puede ocurrir si no se aceptan las cookies:<\/p>\n<p>Los productos elegidos no se cargan, lo que impide la creaci\u00f3n de un carrito de la compra<\/p>\n<p>Sin acceso a zonas de clientes\/personales<\/p>\n<p>Imposibilidad de recopilar los datos necesarios para mejorar el sitio web<\/p>\n<p>Imposibilidad de compartir contenidos en redes sociales como Facebook, Twitter o Instagram<\/p>\n<p>No se puede comentar en el blog<\/p>\n<p>Imposibilidad de utilizar cualquier red social (todas requieren cookies)<\/p>\n<p>Los anuncios de terceros no se mostrar\u00e1n, reduciendo los ingresos del propietario del sitio web<\/p>\n<p>La navegaci\u00f3n puede ser marcada como spam en determinados dominios<\/p>\n<p>Esta lista es ilustrativa, no exhaustiva.<\/p>\n<p>Para m\u00e1s informaci\u00f3n, consulta la Gu\u00eda de Uso de Cookies de la Agencia Espa\u00f1ola de Protecci\u00f3n de Datos.<\/p>\n<p>Borrar y bloquear cookies<\/p>\n<p>Los usuarios pueden eliminar y\/o bloquear las cookies, ya sea globalmente o para un dominio espec\u00edfico. Esto debe hacerse en cada navegador individualmente. El editor no puede realizarlo en nombre del usuario.  <\/p>\n<p><strong>Instrucciones del navegador:<\/strong><\/p>\n<p>Cromo: Men\u00fa &gt; Configuraci\u00f3n (Mac: Preferencias) &gt; Avanzada &gt; Privacidad. Elige configurar o eliminar las cookies. Ayuda: Ayuda de Chrome  <\/p>\n<p>Internet Explorer: Herramientas &gt; Opciones de Internet &gt; Privacidad &gt; Avanzado. Config\u00faralas como desees. Ayuda: Ayuda IE  <\/p>\n<p>Firefox: Men\u00fa &gt; Preferencias &gt; Privacidad &gt; Mostrar Cookies. Config\u00faralas como desees. Ayuda: Ayuda de Firefox  <\/p>\n<p>Safari: Safari &gt; Preferencias &gt; Privacidad. Config\u00farala como desees. Ayuda: Ayuda de Apple  <\/p>\n<p>[\/et_pb_text][\/et_pb_column][\/et_pb_row][\/et_pb_section]<\/p>\n","protected":false},"excerpt":{"rendered":"<p>Consideraciones preliminares El t\u00e9rmino \u201cusuario\u201d se refiere a cualquier persona que navegue por este sitio web. El t\u00e9rmino \u201ceditor\u201d se refiere al propietario del sitio web, tal y como se identifica en el aviso legal. Al navegar por el sitio web, el usuario expresa su aceptaci\u00f3n y autorizaci\u00f3n para el uso de cookies en su [&hellip;]<\/p>\n","protected":false},"author":1,"featured_media":0,"parent":0,"menu_order":0,"comment_status":"closed","ping_status":"closed","template":"","meta":{"_et_pb_use_builder":"on","_et_pb_old_content":"","_et_gb_content_width":"","footnotes":""},"class_list":["post-4888","page","type-page","status-publish","hentry"],"yoast_head":"<!-- This site is optimized with the Yoast SEO plugin v27.4 - https:\/\/yoast.com\/product\/yoast-seo-wordpress\/ -->\n<title>Pol\u00edtica de privacidad y cookies - elopulse.com<\/title>\n<meta name=\"robots\" content=\"index, follow, max-snippet:-1, max-image-preview:large, max-video-preview:-1\" \/>\n<link rel=\"canonical\" href=\"https:\/\/elopulse.com\/es\/politica-privacidad-cookies\/\" \/>\n<meta property=\"og:locale\" content=\"es_ES\" \/>\n<meta property=\"og:type\" content=\"article\" \/>\n<meta property=\"og:title\" content=\"Pol\u00edtica de privacidad y cookies - elopulse.com\" \/>\n<meta property=\"og:description\" content=\"Consideraciones preliminares El t\u00e9rmino \u201cusuario\u201d se refiere a cualquier persona que navegue por este sitio web. El t\u00e9rmino \u201ceditor\u201d se refiere al propietario del sitio web, tal y como se identifica en el aviso legal. Al navegar por el sitio web, el usuario expresa su aceptaci\u00f3n y autorizaci\u00f3n para el uso de cookies en su [&hellip;]\" \/>\n<meta property=\"og:url\" content=\"https:\/\/elopulse.com\/es\/politica-privacidad-cookies\/\" \/>\n<meta property=\"og:site_name\" content=\"elopulse.com\" \/>\n<meta property=\"article:modified_time\" content=\"2025-05-21T22:04:10+00:00\" \/>\n<meta name=\"twitter:card\" content=\"summary_large_image\" \/>\n<meta name=\"twitter:label1\" content=\"Tiempo de lectura\" \/>\n\t<meta name=\"twitter:data1\" content=\"9 minutos\" \/>\n<script type=\"application\/ld+json\" class=\"yoast-schema-graph\">{\"@context\":\"https:\\\/\\\/schema.org\",\"@graph\":[{\"@type\":\"WebPage\",\"@id\":\"https:\\\/\\\/elopulse.com\\\/es\\\/politica-privacidad-cookies\\\/\",\"url\":\"https:\\\/\\\/elopulse.com\\\/es\\\/politica-privacidad-cookies\\\/\",\"name\":\"Pol\u00edtica de privacidad y cookies - elopulse.com\",\"isPartOf\":{\"@id\":\"https:\\\/\\\/elopulse.com\\\/es\\\/#website\"},\"datePublished\":\"2025-04-23T15:13:06+00:00\",\"dateModified\":\"2025-05-21T22:04:10+00:00\",\"breadcrumb\":{\"@id\":\"https:\\\/\\\/elopulse.com\\\/es\\\/politica-privacidad-cookies\\\/#breadcrumb\"},\"inLanguage\":\"es\",\"potentialAction\":[{\"@type\":\"ReadAction\",\"target\":[\"https:\\\/\\\/elopulse.com\\\/es\\\/politica-privacidad-cookies\\\/\"]}]},{\"@type\":\"BreadcrumbList\",\"@id\":\"https:\\\/\\\/elopulse.com\\\/es\\\/politica-privacidad-cookies\\\/#breadcrumb\",\"itemListElement\":[{\"@type\":\"ListItem\",\"position\":1,\"name\":\"Home\",\"item\":\"https:\\\/\\\/elopulse.com\\\/es\\\/\"},{\"@type\":\"ListItem\",\"position\":2,\"name\":\"Pol\u00edtica de privacidad y cookies\"}]},{\"@type\":\"WebSite\",\"@id\":\"https:\\\/\\\/elopulse.com\\\/es\\\/#website\",\"url\":\"https:\\\/\\\/elopulse.com\\\/es\\\/\",\"name\":\"elopulse.com\",\"description\":\"Empower Your Mind\",\"potentialAction\":[{\"@type\":\"SearchAction\",\"target\":{\"@type\":\"EntryPoint\",\"urlTemplate\":\"https:\\\/\\\/elopulse.com\\\/es\\\/?s={search_term_string}\"},\"query-input\":{\"@type\":\"PropertyValueSpecification\",\"valueRequired\":true,\"valueName\":\"search_term_string\"}}],\"inLanguage\":\"es\"}]}<\/script>\n<!-- \/ Yoast SEO plugin. -->","yoast_head_json":{"title":"Pol\u00edtica de privacidad y cookies - elopulse.com","robots":{"index":"index","follow":"follow","max-snippet":"max-snippet:-1","max-image-preview":"max-image-preview:large","max-video-preview":"max-video-preview:-1"},"canonical":"https:\/\/elopulse.com\/es\/politica-privacidad-cookies\/","og_locale":"es_ES","og_type":"article","og_title":"Pol\u00edtica de privacidad y cookies - elopulse.com","og_description":"Consideraciones preliminares El t\u00e9rmino \u201cusuario\u201d se refiere a cualquier persona que navegue por este sitio web. El t\u00e9rmino \u201ceditor\u201d se refiere al propietario del sitio web, tal y como se identifica en el aviso legal. Al navegar por el sitio web, el usuario expresa su aceptaci\u00f3n y autorizaci\u00f3n para el uso de cookies en su [&hellip;]","og_url":"https:\/\/elopulse.com\/es\/politica-privacidad-cookies\/","og_site_name":"elopulse.com","article_modified_time":"2025-05-21T22:04:10+00:00","twitter_card":"summary_large_image","twitter_misc":{"Tiempo de lectura":"9 minutos"},"schema":{"@context":"https:\/\/schema.org","@graph":[{"@type":"WebPage","@id":"https:\/\/elopulse.com\/es\/politica-privacidad-cookies\/","url":"https:\/\/elopulse.com\/es\/politica-privacidad-cookies\/","name":"Pol\u00edtica de privacidad y cookies - elopulse.com","isPartOf":{"@id":"https:\/\/elopulse.com\/es\/#website"},"datePublished":"2025-04-23T15:13:06+00:00","dateModified":"2025-05-21T22:04:10+00:00","breadcrumb":{"@id":"https:\/\/elopulse.com\/es\/politica-privacidad-cookies\/#breadcrumb"},"inLanguage":"es","potentialAction":[{"@type":"ReadAction","target":["https:\/\/elopulse.com\/es\/politica-privacidad-cookies\/"]}]},{"@type":"BreadcrumbList","@id":"https:\/\/elopulse.com\/es\/politica-privacidad-cookies\/#breadcrumb","itemListElement":[{"@type":"ListItem","position":1,"name":"Home","item":"https:\/\/elopulse.com\/es\/"},{"@type":"ListItem","position":2,"name":"Pol\u00edtica de privacidad y cookies"}]},{"@type":"WebSite","@id":"https:\/\/elopulse.com\/es\/#website","url":"https:\/\/elopulse.com\/es\/","name":"elopulse.com","description":"Empower Your Mind","potentialAction":[{"@type":"SearchAction","target":{"@type":"EntryPoint","urlTemplate":"https:\/\/elopulse.com\/es\/?s={search_term_string}"},"query-input":{"@type":"PropertyValueSpecification","valueRequired":true,"valueName":"search_term_string"}}],"inLanguage":"es"}]}},"_links":{"self":[{"href":"https:\/\/elopulse.com\/es\/wp-json\/wp\/v2\/pages\/4888","targetHints":{"allow":["GET"]}}],"collection":[{"href":"https:\/\/elopulse.com\/es\/wp-json\/wp\/v2\/pages"}],"about":[{"href":"https:\/\/elopulse.com\/es\/wp-json\/wp\/v2\/types\/page"}],"author":[{"embeddable":true,"href":"https:\/\/elopulse.com\/es\/wp-json\/wp\/v2\/users\/1"}],"replies":[{"embeddable":true,"href":"https:\/\/elopulse.com\/es\/wp-json\/wp\/v2\/comments?post=4888"}],"version-history":[{"count":7,"href":"https:\/\/elopulse.com\/es\/wp-json\/wp\/v2\/pages\/4888\/revisions"}],"predecessor-version":[{"id":5049,"href":"https:\/\/elopulse.com\/es\/wp-json\/wp\/v2\/pages\/4888\/revisions\/5049"}],"wp:attachment":[{"href":"https:\/\/elopulse.com\/es\/wp-json\/wp\/v2\/media?parent=4888"}],"curies":[{"name":"wp","href":"https:\/\/api.w.org\/{rel}","templated":true}]}}