{"id":4894,"date":"2025-04-23T15:25:29","date_gmt":"2025-04-23T15:25:29","guid":{"rendered":"https:\/\/elopulse.com\/terminos-y-condiciones\/"},"modified":"2025-05-21T22:07:36","modified_gmt":"2025-05-21T22:07:36","slug":"terminos-condiciones","status":"publish","type":"page","link":"https:\/\/elopulse.com\/es\/terminos-condiciones\/","title":{"rendered":"T\u00e9rminos y condiciones"},"content":{"rendered":"<p>[et_pb_section fb_built=\u00bb1&#8243; theme_builder_area=\u00bbpost_content\u00bb _builder_version=\u00bb4.27.4&#8243; _module_preset=\u00bbdefault\u00bb da_is_popup=\u00bboff\u00bb da_exit_intent=\u00bboff\u00bb da_has_close=\u00bbon\u00bb da_alt_close=\u00bboff\u00bb da_dark_close=\u00bboff\u00bb da_not_modal=\u00bbon\u00bb da_is_singular=\u00bboff\u00bb da_with_loader=\u00bboff\u00bb da_has_shadow=\u00bbon\u00bb da_disable_devices=\u00bboff|off|off\u00bb][et_pb_row _builder_version=\u00bb4.27.4&#8243; _module_preset=\u00bbdefault\u00bb theme_builder_area=\u00bbpost_content\u00bb][et_pb_column _builder_version=\u00bb4.27.4&#8243; _module_preset=\u00bbdefault\u00bb type=\u00bb4_4&#8243; theme_builder_area=\u00bbpost_content\u00bb][et_pb_text _builder_version=\u00bb4.27.4&#8243; _module_preset=\u00bbdefault\u00bb theme_builder_area=\u00bbpost_content\u00bb hover_enabled=\u00bb0&#8243; sticky_enabled=\u00bb0&#8243;]<\/p>\n<p data-start=\"51\" data-end=\"75\" class=\"\"><strong data-start=\"51\" data-end=\"75\">T\u00e9rminos y condiciones<\/strong><\/p>\n<p data-start=\"77\" data-end=\"623\" class=\"\"><strong data-start=\"77\" data-end=\"93\">AVISO LEGAL<\/strong><br data-start=\"93\" data-end=\"96\">En cumplimiento de los requisitos establecidos en el art\u00edculo 10 de la Ley 34\/2002, de 11 de julio, de Servicios de la Sociedad de la Informaci\u00f3n y de Comercio Electr\u00f3nico, se informa a todos los usuarios e interesados que la responsabilidad y titularidad del dominio web xxxxxx, as\u00ed como de los medios sociales y sitio web asociados, en adelante el \u201csitio web\u201d, pertenecen a xxxxxx, en adelante \u201cEL ADMINISTRADOR\u201d, con NIF (o DNI, NIE) n\u00famero xxxxxx, y domicilio social en xxxxxx, c\u00f3digo postal xxxxxx, cuyo correo electr\u00f3nico de contacto es xxxxxx.<\/p>\n<p data-start=\"625\" data-end=\"849\" class=\"\"><strong data-start=\"625\" data-end=\"634\">USUARIOS<\/strong><br data-start=\"634\" data-end=\"637\">Se considera usuario a toda persona que navegue por el sitio web, accediendo a cualquiera de sus p\u00e1ginas o secciones. El mero acceso y\/o utilizaci\u00f3n de este sitio web implica la plena aceptaci\u00f3n de los t\u00e9rminos y condiciones aqu\u00ed expuestos. <\/p>\n<p data-start=\"851\" data-end=\"975\" class=\"\">Si el usuario desea adquirir alguno de los productos de EL ADMINISTRADOR, se aplicar\u00e1n tambi\u00e9n las pol\u00edticas de venta y deber\u00e1n seguirse.<\/p>\n<p data-start=\"977\" data-end=\"1265\" class=\"\"><strong data-start=\"977\" data-end=\"999\">USO DEL SITIO WEB<\/strong><br data-start=\"999\" data-end=\"1002\">Toda la informaci\u00f3n gr\u00e1fica, textual, multimedia, fotograf\u00edas, im\u00e1genes, v\u00eddeos o cualquier otro formato de archivo digital que se encuentre en el sitio web, en adelante \u201cel contenido\u201d, pertenece a EL ADMINISTRADOR y est\u00e1 protegida por las leyes nacionales e internacionales de propiedad intelectual.<\/p>\n<p data-start=\"1267\" data-end=\"1356\" class=\"\">El usuario asume la responsabilidad de su uso del sitio web y se compromete a no utilizarlo para:<\/p>\n<ul data-start=\"1358\" data-end=\"1981\">\n<li data-start=\"1358\" data-end=\"1465\" class=\"\">\n<p data-start=\"1360\" data-end=\"1465\" class=\"\">Participar en actividades ilegales o inmorales, o contrarias a las buenas costumbres, la buena fe y el orden p\u00fablico;<\/p>\n<\/li>\n<li data-start=\"1466\" data-end=\"1628\" class=\"\">\n<p data-start=\"1468\" data-end=\"1628\" class=\"\">Hacer comentarios o difundir contenidos o propaganda de car\u00e1cter racista, xen\u00f3fobo, pornogr\u00e1fico, de enaltecimiento del terrorismo o que atente contra los derechos humanos o civiles;<\/p>\n<\/li>\n<li data-start=\"1629\" data-end=\"1745\" class=\"\">\n<p data-start=\"1631\" data-end=\"1745\" class=\"\">Causar da\u00f1os a la persona f\u00edsica, intelectual o moral de EL ADMINISTRADOR, de sus proveedores o de terceros;<\/p>\n<\/li>\n<li data-start=\"1746\" data-end=\"1881\" class=\"\">\n<p data-start=\"1748\" data-end=\"1881\" class=\"\">Introducir o difundir virus inform\u00e1ticos o cualesquiera otros sistemas f\u00edsicos o l\u00f3gicos que potencialmente puedan causar los da\u00f1os anteriormente mencionados;<\/p>\n<\/li>\n<li data-start=\"1882\" data-end=\"1981\" class=\"\">\n<p data-start=\"1884\" data-end=\"1981\" class=\"\">Intentar acceder y\/o utilizar las cuentas de correo electr\u00f3nico de otros usuarios y modificar o manipular sus mensajes.<\/p>\n<\/li>\n<\/ul>\n<p data-start=\"1983\" data-end=\"2413\" class=\"\">EL ADMINISTRADOR se reserva el derecho de retirar todos aquellos comentarios que vulneren el respeto a la dignidad de la persona, que sean discriminatorios, xen\u00f3fobos, racistas, pornogr\u00e1ficos, que atenten contra la juventud o la infancia, el orden o la seguridad p\u00fablica o que, a su juicio, no resultaran adecuados para su publicaci\u00f3n. En cualquier caso, EL ADMINISTRADOR no ser\u00e1 responsable de las opiniones vertidas por los usuarios a trav\u00e9s de cualquier herramienta de opini\u00f3n incluida en el sitio web. <\/p>\n<p data-start=\"2415\" data-end=\"2570\" class=\"\"><strong data-start=\"2415\" data-end=\"2431\">POL\u00cdTICA DE VENTAS<\/strong><br data-start=\"2431\" data-end=\"2434\">Se define como comprador a cualquier persona que compre o desee comprar cualquiera de los productos o servicios que aparecen en el sitio web, incluyendo:<\/p>\n<ul data-start=\"2572\" data-end=\"2634\">\n<li data-start=\"2572\" data-end=\"2584\" class=\"\">\n<p data-start=\"2574\" data-end=\"2584\" class=\"\">Pagos<\/p>\n<\/li>\n<li data-start=\"2585\" data-end=\"2597\" class=\"\">\n<p data-start=\"2587\" data-end=\"2597\" class=\"\">Env\u00edo<\/p>\n<\/li>\n<li data-start=\"2598\" data-end=\"2609\" class=\"\">\n<p data-start=\"2600\" data-end=\"2609\" class=\"\">Cursos<\/p>\n<\/li>\n<li data-start=\"2610\" data-end=\"2634\" class=\"\">\n<p data-start=\"2612\" data-end=\"2634\" class=\"\">Conservaci\u00f3n del producto<\/p>\n<\/li>\n<\/ul>\n<p data-start=\"2636\" data-end=\"2892\" class=\"\">En cuestiones relacionadas con la salud, higiene, nutrici\u00f3n, psicol\u00f3gicas, fiscales o legales, es importante se\u00f1alar que los administradores no se har\u00e1n responsables si el contenido del sitio web se aplica sin el asesoramiento directo y personalizado de un profesional.<\/p>\n<p data-start=\"2894\" data-end=\"3290\" class=\"\">Se aplican los requisitos m\u00ednimos del sistema si vendes cursos o productos descargables.<br data-start=\"2980\" data-end=\"2983\">Cambios y devoluciones: el cliente tiene derecho a desistir en un plazo m\u00ednimo de 14 d\u00edas, pero hay excepciones que puedes consultar en el art\u00edculo 103: <a data-start=\"3121\" data-end=\"3229\" rel=\"noopener\" target=\"_new\" class=\"\" href=\"http:\/\/www.boe.es\/buscar\/act.php?id=BOE-A-2007-20555\">http:\/\/www.boe.es\/buscar\/act.php?id=BOE-A-2007-20555.<\/a> Si ofreces contenidos digitales, se aplica lo siguiente: <\/p>\n<blockquote data-start=\"3292\" data-end=\"3524\">\n<p data-start=\"3294\" data-end=\"3524\" class=\"\">m) La puesta a disposici\u00f3n de contenidos digitales no suministrados en soporte f\u00edsico cuando la ejecuci\u00f3n se haya iniciado con el previo consentimiento expreso del consumidor y usuario y a sabiendas de que ello conlleva la p\u00e9rdida de su derecho de desistimiento.<\/p>\n<\/blockquote>\n<p data-start=\"3526\" data-end=\"3769\" class=\"\"><strong data-start=\"3526\" data-end=\"3576\">MODIFICACI\u00d3N DE ESTE AVISO LEGAL Y DURACI\u00d3N<\/strong><br data-start=\"3576\" data-end=\"3579\">EL ADMINISTRADOR puede modificar estas pol\u00edticas y los t\u00e9rminos y condiciones en cualquier momento sin previo aviso, y dichas modificaciones permanecer\u00e1n en vigor mientras est\u00e9n debidamente publicadas.<\/p>\n<p data-start=\"3771\" data-end=\"4138\" class=\"\"><strong data-start=\"3771\" data-end=\"3788\">ACCIONES LEGALES<\/strong><br data-start=\"3788\" data-end=\"3791\">EL ADMINISTRADOR podr\u00e1 emprender acciones legales civiles o penales en cualquier momento contra cualquier persona que haga un mal uso de los contenidos expuestos en el sitio web o incumpla estas condiciones. Ser\u00e1 siempre de aplicaci\u00f3n la legislaci\u00f3n espa\u00f1ola, y en caso de cualquier controversia, las partes se someter\u00e1n a la jurisdicci\u00f3n de Espa\u00f1a, por ser el domicilio del titular del sitio web. <\/p>\n<p>[\/et_pb_text][\/et_pb_column][\/et_pb_row][\/et_pb_section]<\/p>\n","protected":false},"excerpt":{"rendered":"<p>T\u00e9rminos y condiciones AVISO LEGALEn cumplimiento de los requisitos establecidos en el art\u00edculo 10 de la Ley 34\/2002, de 11 de julio, de Servicios de la Sociedad de la Informaci\u00f3n y de Comercio Electr\u00f3nico, se informa a todos los usuarios e interesados que la responsabilidad y titularidad del dominio web xxxxxx, as\u00ed como de los [&hellip;]<\/p>\n","protected":false},"author":1,"featured_media":0,"parent":0,"menu_order":0,"comment_status":"closed","ping_status":"closed","template":"","meta":{"_et_pb_use_builder":"on","_et_pb_old_content":"","_et_gb_content_width":"","footnotes":""},"class_list":["post-4894","page","type-page","status-publish","hentry"],"yoast_head":"<!-- This site is optimized with the Yoast SEO plugin v27.4 - https:\/\/yoast.com\/product\/yoast-seo-wordpress\/ -->\n<title>T\u00e9rminos y condiciones - elopulse.com<\/title>\n<meta name=\"robots\" content=\"index, follow, max-snippet:-1, max-image-preview:large, max-video-preview:-1\" \/>\n<link rel=\"canonical\" href=\"https:\/\/elopulse.com\/es\/terminos-condiciones\/\" \/>\n<meta property=\"og:locale\" content=\"es_ES\" \/>\n<meta property=\"og:type\" content=\"article\" \/>\n<meta property=\"og:title\" content=\"T\u00e9rminos y condiciones - elopulse.com\" \/>\n<meta property=\"og:description\" content=\"T\u00e9rminos y condiciones AVISO LEGALEn cumplimiento de los requisitos establecidos en el art\u00edculo 10 de la Ley 34\/2002, de 11 de julio, de Servicios de la Sociedad de la Informaci\u00f3n y de Comercio Electr\u00f3nico, se informa a todos los usuarios e interesados que la responsabilidad y titularidad del dominio web xxxxxx, as\u00ed como de los [&hellip;]\" \/>\n<meta property=\"og:url\" content=\"https:\/\/elopulse.com\/es\/terminos-condiciones\/\" \/>\n<meta property=\"og:site_name\" content=\"elopulse.com\" \/>\n<meta property=\"article:modified_time\" content=\"2025-05-21T22:07:36+00:00\" \/>\n<meta name=\"twitter:card\" content=\"summary_large_image\" \/>\n<meta name=\"twitter:label1\" content=\"Tiempo de lectura\" \/>\n\t<meta name=\"twitter:data1\" content=\"4 minutos\" \/>\n<script type=\"application\/ld+json\" class=\"yoast-schema-graph\">{\"@context\":\"https:\\\/\\\/schema.org\",\"@graph\":[{\"@type\":\"WebPage\",\"@id\":\"https:\\\/\\\/elopulse.com\\\/es\\\/terminos-condiciones\\\/\",\"url\":\"https:\\\/\\\/elopulse.com\\\/es\\\/terminos-condiciones\\\/\",\"name\":\"T\u00e9rminos y condiciones - elopulse.com\",\"isPartOf\":{\"@id\":\"https:\\\/\\\/elopulse.com\\\/es\\\/#website\"},\"datePublished\":\"2025-04-23T15:25:29+00:00\",\"dateModified\":\"2025-05-21T22:07:36+00:00\",\"breadcrumb\":{\"@id\":\"https:\\\/\\\/elopulse.com\\\/es\\\/terminos-condiciones\\\/#breadcrumb\"},\"inLanguage\":\"es\",\"potentialAction\":[{\"@type\":\"ReadAction\",\"target\":[\"https:\\\/\\\/elopulse.com\\\/es\\\/terminos-condiciones\\\/\"]}]},{\"@type\":\"BreadcrumbList\",\"@id\":\"https:\\\/\\\/elopulse.com\\\/es\\\/terminos-condiciones\\\/#breadcrumb\",\"itemListElement\":[{\"@type\":\"ListItem\",\"position\":1,\"name\":\"Home\",\"item\":\"https:\\\/\\\/elopulse.com\\\/es\\\/\"},{\"@type\":\"ListItem\",\"position\":2,\"name\":\"T\u00e9rminos y condiciones\"}]},{\"@type\":\"WebSite\",\"@id\":\"https:\\\/\\\/elopulse.com\\\/es\\\/#website\",\"url\":\"https:\\\/\\\/elopulse.com\\\/es\\\/\",\"name\":\"elopulse.com\",\"description\":\"Empower Your Mind\",\"potentialAction\":[{\"@type\":\"SearchAction\",\"target\":{\"@type\":\"EntryPoint\",\"urlTemplate\":\"https:\\\/\\\/elopulse.com\\\/es\\\/?s={search_term_string}\"},\"query-input\":{\"@type\":\"PropertyValueSpecification\",\"valueRequired\":true,\"valueName\":\"search_term_string\"}}],\"inLanguage\":\"es\"}]}<\/script>\n<!-- \/ Yoast SEO plugin. -->","yoast_head_json":{"title":"T\u00e9rminos y condiciones - elopulse.com","robots":{"index":"index","follow":"follow","max-snippet":"max-snippet:-1","max-image-preview":"max-image-preview:large","max-video-preview":"max-video-preview:-1"},"canonical":"https:\/\/elopulse.com\/es\/terminos-condiciones\/","og_locale":"es_ES","og_type":"article","og_title":"T\u00e9rminos y condiciones - elopulse.com","og_description":"T\u00e9rminos y condiciones AVISO LEGALEn cumplimiento de los requisitos establecidos en el art\u00edculo 10 de la Ley 34\/2002, de 11 de julio, de Servicios de la Sociedad de la Informaci\u00f3n y de Comercio Electr\u00f3nico, se informa a todos los usuarios e interesados que la responsabilidad y titularidad del dominio web xxxxxx, as\u00ed como de los [&hellip;]","og_url":"https:\/\/elopulse.com\/es\/terminos-condiciones\/","og_site_name":"elopulse.com","article_modified_time":"2025-05-21T22:07:36+00:00","twitter_card":"summary_large_image","twitter_misc":{"Tiempo de lectura":"4 minutos"},"schema":{"@context":"https:\/\/schema.org","@graph":[{"@type":"WebPage","@id":"https:\/\/elopulse.com\/es\/terminos-condiciones\/","url":"https:\/\/elopulse.com\/es\/terminos-condiciones\/","name":"T\u00e9rminos y condiciones - elopulse.com","isPartOf":{"@id":"https:\/\/elopulse.com\/es\/#website"},"datePublished":"2025-04-23T15:25:29+00:00","dateModified":"2025-05-21T22:07:36+00:00","breadcrumb":{"@id":"https:\/\/elopulse.com\/es\/terminos-condiciones\/#breadcrumb"},"inLanguage":"es","potentialAction":[{"@type":"ReadAction","target":["https:\/\/elopulse.com\/es\/terminos-condiciones\/"]}]},{"@type":"BreadcrumbList","@id":"https:\/\/elopulse.com\/es\/terminos-condiciones\/#breadcrumb","itemListElement":[{"@type":"ListItem","position":1,"name":"Home","item":"https:\/\/elopulse.com\/es\/"},{"@type":"ListItem","position":2,"name":"T\u00e9rminos y condiciones"}]},{"@type":"WebSite","@id":"https:\/\/elopulse.com\/es\/#website","url":"https:\/\/elopulse.com\/es\/","name":"elopulse.com","description":"Empower Your Mind","potentialAction":[{"@type":"SearchAction","target":{"@type":"EntryPoint","urlTemplate":"https:\/\/elopulse.com\/es\/?s={search_term_string}"},"query-input":{"@type":"PropertyValueSpecification","valueRequired":true,"valueName":"search_term_string"}}],"inLanguage":"es"}]}},"_links":{"self":[{"href":"https:\/\/elopulse.com\/es\/wp-json\/wp\/v2\/pages\/4894","targetHints":{"allow":["GET"]}}],"collection":[{"href":"https:\/\/elopulse.com\/es\/wp-json\/wp\/v2\/pages"}],"about":[{"href":"https:\/\/elopulse.com\/es\/wp-json\/wp\/v2\/types\/page"}],"author":[{"embeddable":true,"href":"https:\/\/elopulse.com\/es\/wp-json\/wp\/v2\/users\/1"}],"replies":[{"embeddable":true,"href":"https:\/\/elopulse.com\/es\/wp-json\/wp\/v2\/comments?post=4894"}],"version-history":[{"count":5,"href":"https:\/\/elopulse.com\/es\/wp-json\/wp\/v2\/pages\/4894\/revisions"}],"predecessor-version":[{"id":5059,"href":"https:\/\/elopulse.com\/es\/wp-json\/wp\/v2\/pages\/4894\/revisions\/5059"}],"wp:attachment":[{"href":"https:\/\/elopulse.com\/es\/wp-json\/wp\/v2\/media?parent=4894"}],"curies":[{"name":"wp","href":"https:\/\/api.w.org\/{rel}","templated":true}]}}