{"id":4939,"date":"2025-04-02T13:50:03","date_gmt":"2025-04-02T13:50:03","guid":{"rendered":"https:\/\/elopulse.com\/shop\/almohadilla-y-cinta-para-la-cabeza\/"},"modified":"2025-05-28T20:04:58","modified_gmt":"2025-05-28T20:04:58","slug":"bundle-pad-and-headband","status":"publish","type":"product","link":"https:\/\/elopulse.com\/es\/tienda\/bundle-pad-and-headband\/","title":{"rendered":"BUNDLE PAD Y HEADBAND"},"content":{"rendered":"<p>El NeoRhythm Wearable y el Pad utilizan el m\u00e9todo magn\u00e9tico no invasivo de estimulaci\u00f3n del Campo Electromagn\u00e9tico Pulsante para dirigirse a zonas espec\u00edficas del cuerpo con el fin de ayudar al usuario a alcanzar un estado mental deseado, como el sue\u00f1o, la meditaci\u00f3n profunda, la relajaci\u00f3n, la concentraci\u00f3n, el bienestar f\u00edsico y mucho m\u00e1s.<\/p>\n<p><b>REENERGIZATE Y RECUPERATE <\/b>&#8211; Duerme mejor, desestresa, mejora la meditaci\u00f3n y aumenta tus niveles de energ\u00eda. El PEMF emite impulsos cortos, magn\u00e9ticos y arm\u00f3nicos que tienen propiedades reenergizantes y son beneficiosos para todas las afecciones, incluidos los casos cr\u00f3nicos que causan a\u00f1os de malestar, mejorando el sue\u00f1o, la concentraci\u00f3n y la relajaci\u00f3n. <\/p>\n<p><b>USO EN CASA Y EN EL TRABAJO <\/b>&#8211; Este Paquete es perfecto para tenerlo tanto en el trabajo como en casa, para que nunca te quedes sin concentraci\u00f3n y energ\u00eda.<\/p>\n<p><b>DISPOSITIVO PARA TODO <\/b>EL CUERPO &#8211; El wearable y la almohadilla NeoRhythm son dispositivos PEMF localizados y pueden utilizarse en todo el cuerpo, reduciendo la inflamaci\u00f3n, mejorando los procesos naturales de recuperaci\u00f3n y aliviando tambi\u00e9n los dolores musculares.<\/p>\n<p><b>C\u00d3MO FUNCIONA <\/b>&#8211; NeoRhythm funciona silenciosamente y no produce sensaciones de quemaz\u00f3n, hormigueo o pulsaciones. Es muy f\u00e1cil de autoaplicar y funciona sobre ropa ligera. \u00dasalo dos veces al d\u00eda hasta que aparezcan resultados notables y sigue us\u00e1ndolo 2-3 veces a la semana para el mantenimiento.  <\/p>\n<h4><span id=\"Specifications\" class=\"ez-toc-section\"><\/span>Especificaciones:<\/h4>\n<p><b>NeoRhythm Wearable<\/b><\/p>\n<p>Inal\u00e1mbrico y controlado por gestos<br \/>\nGama de frecuencias: 1 &#8211; 303,41 Hz<br \/>\nIntensidad m\u00e1xima: 25 Gauss (2,5 mT)<br \/>\nForma de onda: Trapezoidal<br \/>\nPeso 105 g<br \/>\nBater\u00eda interna recargable<br \/>\n2 a\u00f1os de garant\u00eda<br \/>\nDimensiones: 160 mm x 170 mm x 28 mm (6,3 pulg. x 6,7 pulg. x 1,1 pulg.)<\/p>\n<p><b>NeoRhythm Pad<\/b><\/p>\n<p>Inal\u00e1mbrico y controlado por gestos<br \/>\nGama de frecuencias: 1 &#8211; 303,41 Hz<br \/>\nIntensidad m\u00e1xima: 25 Gauss (2,5 mT)<br \/>\nForma de onda: Trapezoidal<br \/>\nPeso 295 g<br \/>\nBater\u00eda interna recargable<br \/>\n2 a\u00f1os de garant\u00eda<br \/>\nDimensiones: 330 mm x 450 mm x 20 mm (13 pulg. x 17,7 pulg. x 0,8 pulg.)<\/p>\n","protected":false},"excerpt":{"rendered":"<p><strong>Ahorra en un paquete NeoRhythm, que incluye un Headband y un pad NeoRhythm.<\/strong><\/p>\n<ul class=\"specs-t\">\n<li data-rocket-lazy-bg-8e12011e-bd01-422f-8064-8be1d69361ba=\"excluded\" data-rocket-lazy-bg-2f003fa5-a569-47f4-a831-bf0e97717f38=\"excluded\">Consigue un sue\u00f1o m\u00e1s profundo y reparador, favorece la recuperaci\u00f3n f\u00edsica y rel\u00e1jate de forma r\u00e1pida y eficaz.<\/li>\n<li data-rocket-lazy-bg-8e12011e-bd01-422f-8064-8be1d69361ba=\"excluded\" data-rocket-lazy-bg-2f003fa5-a569-47f4-a831-bf0e97717f38=\"excluded\">Perfecta para usar en casa, en la oficina o de viaje.<\/li>\n<li data-rocket-lazy-bg-8e12011e-bd01-422f-8064-8be1d69361ba=\"excluded\" data-rocket-lazy-bg-2f003fa5-a569-47f4-a831-bf0e97717f38=\"excluded\">Se puede colocar debajo de la almohada para mejorar el sue\u00f1o o sobre una silla para relajarse sentado.<\/li>\n<li data-rocket-lazy-bg-8e12011e-bd01-422f-8064-8be1d69361ba=\"excluded\" data-rocket-lazy-bg-2f003fa5-a569-47f4-a831-bf0e97717f38=\"excluded\">Plazo de entrega garantizado a EE.UU. y la UE en 5-7 d\u00edas.<\/li>\n<\/ul>\n","protected":false},"featured_media":4764,"comment_status":"open","ping_status":"closed","template":"","meta":{"_et_pb_use_builder":"on","_et_pb_old_content":"El NeoRhythm Wearable y el Pad utilizan el m\u00e9todo magn\u00e9tico no invasivo de estimulaci\u00f3n del Campo Electromagn\u00e9tico Pulsante para dirigirse a zonas espec\u00edficas del cuerpo con el fin de ayudar al usuario a alcanzar un estado mental deseado, como el sue\u00f1o, la meditaci\u00f3n profunda, la relajaci\u00f3n, la concentraci\u00f3n, el bienestar f\u00edsico y mucho m\u00e1s.\n\n<b>REENERGIZATE Y RECUPERATE <\/b>- Duerme mejor, desestresa, mejora la meditaci\u00f3n y aumenta tus niveles de energ\u00eda. El PEMF emite impulsos cortos, magn\u00e9ticos y arm\u00f3nicos que tienen propiedades reenergizantes y son beneficiosos para todas las afecciones, incluidos los casos cr\u00f3nicos que causan a\u00f1os de malestar, mejorando el sue\u00f1o, la concentraci\u00f3n y la relajaci\u00f3n. \n\n<b>USO EN CASA Y EN EL TRABAJO <\/b>- Este Paquete es perfecto para tenerlo tanto en el trabajo como en casa, para que nunca te quedes sin concentraci\u00f3n y energ\u00eda.\n\n<b>DISPOSITIVO PARA TODO <\/b>EL CUERPO - El wearable y la almohadilla NeoRhythm son dispositivos PEMF localizados y pueden utilizarse en todo el cuerpo, reduciendo la inflamaci\u00f3n, mejorando los procesos naturales de recuperaci\u00f3n y aliviando tambi\u00e9n los dolores musculares.\n\n<b>C\u00d3MO FUNCIONA <\/b>- NeoRhythm funciona silenciosamente y no produce sensaciones de quemaz\u00f3n, hormigueo o pulsaciones. Es muy f\u00e1cil de autoaplicar y funciona sobre ropa ligera. \u00dasalo dos veces al d\u00eda hasta que aparezcan resultados notables y sigue us\u00e1ndolo 2-3 veces a la semana para el mantenimiento.  \n<h4><span id=\"Specifications\" class=\"ez-toc-section\"><\/span>Especificaciones:<\/h4>\n<b>NeoRhythm Wearable<\/b>\n\nInal\u00e1mbrico y controlado por gestos\nGama de frecuencias: 1 - 303,41 Hz\nIntensidad m\u00e1xima: 25 Gauss (2,5 mT)\nForma de onda: Trapezoidal\nPeso 105 g\nBater\u00eda interna recargable\n2 a\u00f1os de garant\u00eda\nDimensiones: 160 mm x 170 mm x 28 mm (6,3 pulg. x 6,7 pulg. x 1,1 pulg.)\n\n<b>NeoRhythm Pad<\/b>\n\nInal\u00e1mbrico y controlado por gestos\nGama de frecuencias: 1 - 303,41 Hz\nIntensidad m\u00e1xima: 25 Gauss (2,5 mT)\nForma de onda: Trapezoidal\nPeso 295 g\nBater\u00eda interna recargable\n2 a\u00f1os de garant\u00eda\nDimensiones: 330 mm x 450 mm x 20 mm (13 pulg. x 17,7 pulg. x 0,8 pulg.)","_et_gb_content_width":""},"product_brand":[],"product_cat":[33],"product_tag":[],"class_list":{"0":"post-4939","1":"product","2":"type-product","3":"status-publish","4":"has-post-thumbnail","6":"product_cat-omnipemf-es","8":"first","9":"instock","10":"sale","11":"downloadable","12":"virtual","13":"purchasable","14":"product-type-simple"},"yoast_head":"<!-- This site is optimized with the Yoast SEO plugin v27.4 - https:\/\/yoast.com\/product\/yoast-seo-wordpress\/ -->\n<title>BUNDLE PAD Y HEADBAND - elopulse.com<\/title>\n<meta name=\"robots\" content=\"index, follow, max-snippet:-1, max-image-preview:large, max-video-preview:-1\" \/>\n<link rel=\"canonical\" href=\"https:\/\/elopulse.com\/es\/tienda\/bundle-pad-and-headband\/\" \/>\n<meta property=\"og:locale\" content=\"es_ES\" \/>\n<meta property=\"og:type\" content=\"article\" \/>\n<meta property=\"og:title\" content=\"BUNDLE PAD Y HEADBAND - elopulse.com\" \/>\n<meta property=\"og:description\" content=\"Ahorra en un paquete NeoRhythm, que incluye un Headband y un pad NeoRhythm.  Consigue un sue\u00f1o m\u00e1s profundo y reparador, favorece la recuperaci\u00f3n f\u00edsica y rel\u00e1jate de forma r\u00e1pida y eficaz.  Perfecta para usar en casa, en la oficina o de viaje.  Se puede colocar debajo de la almohada para mejorar el sue\u00f1o o sobre una silla para relajarse sentado.  Plazo de entrega garantizado a EE.UU. y la UE en 5-7 d\u00edas.\" \/>\n<meta property=\"og:url\" content=\"https:\/\/elopulse.com\/es\/tienda\/bundle-pad-and-headband\/\" \/>\n<meta property=\"og:site_name\" content=\"elopulse.com\" \/>\n<meta property=\"article:modified_time\" content=\"2025-05-28T20:04:58+00:00\" \/>\n<meta property=\"og:image\" content=\"https:\/\/elopulse.com\/wp-content\/uploads\/2025\/03\/Bundle.webp\" \/>\n\t<meta property=\"og:image:width\" content=\"800\" \/>\n\t<meta property=\"og:image:height\" content=\"800\" \/>\n\t<meta property=\"og:image:type\" content=\"image\/webp\" \/>\n<meta name=\"twitter:card\" content=\"summary_large_image\" \/>\n<meta name=\"twitter:label1\" content=\"Tiempo de lectura\" \/>\n\t<meta name=\"twitter:data1\" content=\"2 minutos\" \/>\n<script type=\"application\/ld+json\" class=\"yoast-schema-graph\">{\"@context\":\"https:\\\/\\\/schema.org\",\"@graph\":[{\"@type\":\"WebPage\",\"@id\":\"https:\\\/\\\/elopulse.com\\\/es\\\/tienda\\\/bundle-pad-and-headband\\\/\",\"url\":\"https:\\\/\\\/elopulse.com\\\/es\\\/tienda\\\/bundle-pad-and-headband\\\/\",\"name\":\"BUNDLE PAD Y HEADBAND - elopulse.com\",\"isPartOf\":{\"@id\":\"https:\\\/\\\/elopulse.com\\\/es\\\/#website\"},\"primaryImageOfPage\":{\"@id\":\"https:\\\/\\\/elopulse.com\\\/es\\\/tienda\\\/bundle-pad-and-headband\\\/#primaryimage\"},\"image\":{\"@id\":\"https:\\\/\\\/elopulse.com\\\/es\\\/tienda\\\/bundle-pad-and-headband\\\/#primaryimage\"},\"thumbnailUrl\":\"https:\\\/\\\/elopulse.com\\\/wp-content\\\/uploads\\\/2025\\\/03\\\/Bundle.webp\",\"datePublished\":\"2025-04-02T13:50:03+00:00\",\"dateModified\":\"2025-05-28T20:04:58+00:00\",\"breadcrumb\":{\"@id\":\"https:\\\/\\\/elopulse.com\\\/es\\\/tienda\\\/bundle-pad-and-headband\\\/#breadcrumb\"},\"inLanguage\":\"es\",\"potentialAction\":[{\"@type\":\"ReadAction\",\"target\":[\"https:\\\/\\\/elopulse.com\\\/es\\\/tienda\\\/bundle-pad-and-headband\\\/\"]}]},{\"@type\":\"ImageObject\",\"inLanguage\":\"es\",\"@id\":\"https:\\\/\\\/elopulse.com\\\/es\\\/tienda\\\/bundle-pad-and-headband\\\/#primaryimage\",\"url\":\"https:\\\/\\\/elopulse.com\\\/wp-content\\\/uploads\\\/2025\\\/03\\\/Bundle.webp\",\"contentUrl\":\"https:\\\/\\\/elopulse.com\\\/wp-content\\\/uploads\\\/2025\\\/03\\\/Bundle.webp\",\"width\":800,\"height\":800},{\"@type\":\"BreadcrumbList\",\"@id\":\"https:\\\/\\\/elopulse.com\\\/es\\\/tienda\\\/bundle-pad-and-headband\\\/#breadcrumb\",\"itemListElement\":[{\"@type\":\"ListItem\",\"position\":1,\"name\":\"Home\",\"item\":\"https:\\\/\\\/elopulse.com\\\/es\\\/\"},{\"@type\":\"ListItem\",\"position\":2,\"name\":\"Tienda\",\"item\":\"https:\\\/\\\/elopulse.com\\\/es\\\/tienda\\\/\"},{\"@type\":\"ListItem\",\"position\":3,\"name\":\"BUNDLE PAD Y HEADBAND\"}]},{\"@type\":\"WebSite\",\"@id\":\"https:\\\/\\\/elopulse.com\\\/es\\\/#website\",\"url\":\"https:\\\/\\\/elopulse.com\\\/es\\\/\",\"name\":\"elopulse.com\",\"description\":\"Empower Your Mind\",\"potentialAction\":[{\"@type\":\"SearchAction\",\"target\":{\"@type\":\"EntryPoint\",\"urlTemplate\":\"https:\\\/\\\/elopulse.com\\\/es\\\/?s={search_term_string}\"},\"query-input\":{\"@type\":\"PropertyValueSpecification\",\"valueRequired\":true,\"valueName\":\"search_term_string\"}}],\"inLanguage\":\"es\"}]}<\/script>\n<!-- \/ Yoast SEO plugin. -->","yoast_head_json":{"title":"BUNDLE PAD Y HEADBAND - elopulse.com","robots":{"index":"index","follow":"follow","max-snippet":"max-snippet:-1","max-image-preview":"max-image-preview:large","max-video-preview":"max-video-preview:-1"},"canonical":"https:\/\/elopulse.com\/es\/tienda\/bundle-pad-and-headband\/","og_locale":"es_ES","og_type":"article","og_title":"BUNDLE PAD Y HEADBAND - elopulse.com","og_description":"Ahorra en un paquete NeoRhythm, que incluye un Headband y un pad NeoRhythm.  Consigue un sue\u00f1o m\u00e1s profundo y reparador, favorece la recuperaci\u00f3n f\u00edsica y rel\u00e1jate de forma r\u00e1pida y eficaz.  Perfecta para usar en casa, en la oficina o de viaje.  Se puede colocar debajo de la almohada para mejorar el sue\u00f1o o sobre una silla para relajarse sentado.  Plazo de entrega garantizado a EE.UU. y la UE en 5-7 d\u00edas.","og_url":"https:\/\/elopulse.com\/es\/tienda\/bundle-pad-and-headband\/","og_site_name":"elopulse.com","article_modified_time":"2025-05-28T20:04:58+00:00","og_image":[{"width":800,"height":800,"url":"https:\/\/elopulse.com\/wp-content\/uploads\/2025\/03\/Bundle.webp","type":"image\/webp"}],"twitter_card":"summary_large_image","twitter_misc":{"Tiempo de lectura":"2 minutos"},"schema":{"@context":"https:\/\/schema.org","@graph":[{"@type":"WebPage","@id":"https:\/\/elopulse.com\/es\/tienda\/bundle-pad-and-headband\/","url":"https:\/\/elopulse.com\/es\/tienda\/bundle-pad-and-headband\/","name":"BUNDLE PAD Y HEADBAND - elopulse.com","isPartOf":{"@id":"https:\/\/elopulse.com\/es\/#website"},"primaryImageOfPage":{"@id":"https:\/\/elopulse.com\/es\/tienda\/bundle-pad-and-headband\/#primaryimage"},"image":{"@id":"https:\/\/elopulse.com\/es\/tienda\/bundle-pad-and-headband\/#primaryimage"},"thumbnailUrl":"https:\/\/elopulse.com\/wp-content\/uploads\/2025\/03\/Bundle.webp","datePublished":"2025-04-02T13:50:03+00:00","dateModified":"2025-05-28T20:04:58+00:00","breadcrumb":{"@id":"https:\/\/elopulse.com\/es\/tienda\/bundle-pad-and-headband\/#breadcrumb"},"inLanguage":"es","potentialAction":[{"@type":"ReadAction","target":["https:\/\/elopulse.com\/es\/tienda\/bundle-pad-and-headband\/"]}]},{"@type":"ImageObject","inLanguage":"es","@id":"https:\/\/elopulse.com\/es\/tienda\/bundle-pad-and-headband\/#primaryimage","url":"https:\/\/elopulse.com\/wp-content\/uploads\/2025\/03\/Bundle.webp","contentUrl":"https:\/\/elopulse.com\/wp-content\/uploads\/2025\/03\/Bundle.webp","width":800,"height":800},{"@type":"BreadcrumbList","@id":"https:\/\/elopulse.com\/es\/tienda\/bundle-pad-and-headband\/#breadcrumb","itemListElement":[{"@type":"ListItem","position":1,"name":"Home","item":"https:\/\/elopulse.com\/es\/"},{"@type":"ListItem","position":2,"name":"Tienda","item":"https:\/\/elopulse.com\/es\/tienda\/"},{"@type":"ListItem","position":3,"name":"BUNDLE PAD Y HEADBAND"}]},{"@type":"WebSite","@id":"https:\/\/elopulse.com\/es\/#website","url":"https:\/\/elopulse.com\/es\/","name":"elopulse.com","description":"Empower Your Mind","potentialAction":[{"@type":"SearchAction","target":{"@type":"EntryPoint","urlTemplate":"https:\/\/elopulse.com\/es\/?s={search_term_string}"},"query-input":{"@type":"PropertyValueSpecification","valueRequired":true,"valueName":"search_term_string"}}],"inLanguage":"es"}]}},"_links":{"self":[{"href":"https:\/\/elopulse.com\/es\/wp-json\/wp\/v2\/product\/4939","targetHints":{"allow":["GET"]}}],"collection":[{"href":"https:\/\/elopulse.com\/es\/wp-json\/wp\/v2\/product"}],"about":[{"href":"https:\/\/elopulse.com\/es\/wp-json\/wp\/v2\/types\/product"}],"replies":[{"embeddable":true,"href":"https:\/\/elopulse.com\/es\/wp-json\/wp\/v2\/comments?post=4939"}],"wp:featuredmedia":[{"embeddable":true,"href":"https:\/\/elopulse.com\/es\/wp-json\/wp\/v2\/media\/4764"}],"wp:attachment":[{"href":"https:\/\/elopulse.com\/es\/wp-json\/wp\/v2\/media?parent=4939"}],"wp:term":[{"taxonomy":"product_brand","embeddable":true,"href":"https:\/\/elopulse.com\/es\/wp-json\/wp\/v2\/product_brand?post=4939"},{"taxonomy":"product_cat","embeddable":true,"href":"https:\/\/elopulse.com\/es\/wp-json\/wp\/v2\/product_cat?post=4939"},{"taxonomy":"product_tag","embeddable":true,"href":"https:\/\/elopulse.com\/es\/wp-json\/wp\/v2\/product_tag?post=4939"}],"curies":[{"name":"wp","href":"https:\/\/api.w.org\/{rel}","templated":true}]}}