{"id":4940,"date":"2025-04-02T13:43:39","date_gmt":"2025-04-02T13:43:39","guid":{"rendered":"https:\/\/elopulse.com\/shop\/neopemf-pad\/"},"modified":"2025-05-28T20:20:29","modified_gmt":"2025-05-28T20:20:29","slug":"neopemf-pad","status":"publish","type":"product","link":"https:\/\/elopulse.com\/es\/tienda\/neopemf-pad\/","title":{"rendered":"NEOPEMF PAD"},"content":{"rendered":"<p>[et_pb_section fb_built=\u00bb1&#8243; _builder_version=\u00bb4.16&#8243; custom_padding=\u00bb0px||||false|false\u00bb da_disable_devices=\u00bboff|off|off\u00bb global_colors_info=\u00bb{}\u00bb da_is_popup=\u00bboff\u00bb da_exit_intent=\u00bboff\u00bb da_has_close=\u00bbon\u00bb da_alt_close=\u00bboff\u00bb da_dark_close=\u00bboff\u00bb da_not_modal=\u00bbon\u00bb da_is_singular=\u00bboff\u00bb da_with_loader=\u00bboff\u00bb da_has_shadow=\u00bbon\u00bb][et_pb_row _builder_version=\u00bb4.16&#8243; background_size=\u00bbinitial\u00bb background_position=\u00bbtop_left\u00bb background_repeat=\u00bbrepeat\u00bb width=\u00bb100%\u00bb custom_padding=\u00bb0px||0px||false|false\u00bb global_colors_info=\u00bb{}\u00bb][et_pb_column type=\u00bb4_4&#8243; _builder_version=\u00bb4.16&#8243; custom_padding=\u00bb|||\u00bb global_colors_info=\u00bb{}\u00bb custom_padding__hover=\u00bb|||\u00bb][et_pb_wc_breadcrumb _builder_version=\u00bb4.16&#8243; global_colors_info=\u00bb{}\u00bb][\/et_pb_wc_breadcrumb][et_pb_wc_cart_notice _builder_version=\u00bb4.16&#8243; global_colors_info=\u00bb{}\u00bb][\/et_pb_wc_cart_notice][\/et_pb_column][\/et_pb_row][et_pb_row column_structure=\u00bb1_2,1_2&#8243; _builder_version=\u00bb4.16&#8243; background_size=\u00bbinitial\u00bb background_position=\u00bbtop_left\u00bb background_repeat=\u00bbrepeat\u00bb width=\u00bb100%\u00bb custom_padding=\u00bb0px||||false|false\u00bb global_colors_info=\u00bb{}\u00bb][et_pb_column type=\u00bb1_2&#8243; _builder_version=\u00bb4.16&#8243; custom_padding=\u00bb|||\u00bb global_colors_info=\u00bb{}\u00bb custom_padding__hover=\u00bb|||\u00bb][et_pb_wc_images _builder_version=\u00bb4.16&#8243; global_colors_info=\u00bb{}\u00bb][\/et_pb_wc_images][\/et_pb_column][et_pb_column type=\u00bb1_2&#8243; _builder_version=\u00bb4.16&#8243; custom_padding=\u00bb|||\u00bb global_colors_info=\u00bb{}\u00bb custom_padding__hover=\u00bb|||\u00bb][et_pb_wc_title _builder_version=\u00bb4.16&#8243; global_colors_info=\u00bb{}\u00bb][\/et_pb_wc_title][et_pb_wc_rating _builder_version=\u00bb4.16&#8243; global_colors_info=\u00bb{}\u00bb][\/et_pb_wc_rating][et_pb_wc_price _builder_version=\u00bb4.16&#8243; global_colors_info=\u00bb{}\u00bb][\/et_pb_wc_price][et_pb_wc_description _builder_version=\u00bb4.16&#8243; global_colors_info=\u00bb{}\u00bb][\/et_pb_wc_description][et_pb_wc_add_to_cart _builder_version=\u00bb4.16&#8243; global_colors_info=\u00bb{}\u00bb][\/et_pb_wc_add_to_cart][et_pb_wc_meta _builder_version=\u00bb4.16&#8243; global_colors_info=\u00bb{}\u00bb][\/et_pb_wc_meta][\/et_pb_column][\/et_pb_row][et_pb_row _builder_version=\u00bb4.16&#8243; background_size=\u00bbinitial\u00bb background_position=\u00bbtop_left\u00bb background_repeat=\u00bbrepeat\u00bb width=\u00bb100%\u00bb global_colors_info=\u00bb{}\u00bb][et_pb_column type=\u00bb4_4&#8243; _builder_version=\u00bb4.16&#8243; custom_padding=\u00bb|||\u00bb global_colors_info=\u00bb{}\u00bb custom_padding__hover=\u00bb|||\u00bb][et_pb_wc_tabs _builder_version=\u00bb4.16&#8243; global_colors_info=\u00bb{}\u00bb]\t\t\t\t\t[\/et_pb_wc_tabs][et_pb_wc_upsells _builder_version=\u00bb4.16&#8243; global_colors_info=\u00bb{}\u00bb][\/et_pb_wc_upsells][et_pb_wc_related_products _builder_version=\u00bb4.16&#8243; global_colors_info=\u00bb{}\u00bb][\/et_pb_wc_related_products][\/et_pb_column][\/et_pb_row][\/et_pb_section]<\/p>\n","protected":false},"excerpt":{"rendered":"<p>Experimenta el alivio del dolor, un sue\u00f1o m\u00e1s profundo, relajaci\u00f3n, mayor concentraci\u00f3n, meditaci\u00f3n mejorada y beneficios transformadores con la tecnolog\u00eda PEMF de vanguardia.<\/p>\n<ul>\n<li>Vers\u00e1til para su uso en la oficina, en casa, adecuado para colocarlo debajo de la almohada o en la silla (detr\u00e1s del respaldo).<\/li>\n<li>Disfruta de env\u00edo gratuito a todo el mundo y de una garant\u00eda de devoluci\u00f3n del dinero de 60 d\u00edas.<\/li>\n<li>Plazo de entrega garantizado a EE.UU. y la UE de 3 a 5 d\u00edas.<\/li>\n<\/ul>\n","protected":false},"featured_media":4763,"comment_status":"open","ping_status":"closed","template":"","meta":{"_et_pb_use_builder":"on","_et_pb_old_content":"El dispositivo NEOPEMF PAD, dise\u00f1ado en forma de coj\u00edn tubular, es una poderosa herramienta para fomentar el bienestar f\u00edsico y mental. Perfecto para utilizarlo en la oficina, en casa o mientras conduces, puede ayudar a reducir las molestias f\u00edsicas y el estr\u00e9s, mejorar la relajaci\u00f3n y la calidad del sue\u00f1o, y acelerar el proceso natural de curaci\u00f3n y regeneraci\u00f3n del cuerpo.\n\n<strong>Especificaciones<\/strong>:\n<ul>\n \t<li>Gama de frecuencias: 1 - 303,41 Hz<\/li>\n \t<li>Intensidad m\u00e1xima: 25 Gauss (2,5 mT)<\/li>\n \t<li>Forma de onda: Trapezoidal<\/li>\n \t<li>Peso: 295 g<\/li>\n \t<li>Bater\u00eda interna recargable (cable micro USB)<\/li>\n \t<li>2 a\u00f1os de garant\u00eda<\/li>\n \t<li>Dimensiones: 330 mm x 450 mm x 20 mm (13 x 17,7 x 0,8 pulgadas)<\/li>\n<\/ul>\nLa funda original del coj\u00edn NEOPEMF PAD es de algod\u00f3n 100%, suave, transpirable y lavable a m\u00e1quina.\n\nTambi\u00e9n ofrecemos dos modelos de cobertura con prestaciones diferentes:\n<ol>\n \t<li><strong>CELLIANT<\/strong>\n<ul>\n \t<li>Producido por Hologenix, es una mezcla de minerales naturales termorreactivos que confiere a cualquier producto textil la capacidad de captar y convertir el calor corporal en energ\u00eda infrarroja de espectro completo, aumentando la circulaci\u00f3n local y mejorando la oxigenaci\u00f3n celular.<\/li>\n \t<li>Los beneficios de CELLIANT\u00ae incluyen un aumento temporal del flujo sangu\u00edneo, una mejora temporal de la circulaci\u00f3n local y un aumento de la resistencia y el vigor.<\/li>\n<\/ul>\n<\/li>\n \t<li><strong>SeaCell<\/strong>\n<ul>\n \t<li>Nuestra nueva funda de coj\u00edn est\u00e1 hecha de fibra artificial de algas SeaCell\u00ae, que proporciona confort a tu piel a la vez que le infunde antioxidantes y vitaminas.<\/li>\n \t<li>Probado y certificado como tejido antioxidante, antiinflamatorio, revitalizante y protector de la piel, SeaCell<\/li>\n<\/ul>\n<\/li>\n<\/ol>\nContiene vitaminas A, B y E, as\u00ed como minerales como magnesio, potasio, calcio y f\u00f3sforo, adem\u00e1s de amino\u00e1cidos y microelementos.","_et_gb_content_width":""},"product_brand":[],"product_cat":[33],"product_tag":[],"class_list":{"0":"post-4940","1":"product","2":"type-product","3":"status-publish","4":"has-post-thumbnail","6":"product_cat-omnipemf-es","8":"first","9":"instock","10":"sale","11":"downloadable","12":"virtual","13":"purchasable","14":"product-type-simple"},"yoast_head":"<!-- This site is optimized with the Yoast SEO plugin v27.4 - https:\/\/yoast.com\/product\/yoast-seo-wordpress\/ -->\n<title>NEOPEMF PAD - elopulse.com<\/title>\n<meta name=\"robots\" content=\"index, follow, max-snippet:-1, max-image-preview:large, max-video-preview:-1\" \/>\n<link rel=\"canonical\" href=\"https:\/\/elopulse.com\/es\/tienda\/neopemf-pad\/\" \/>\n<meta property=\"og:locale\" content=\"es_ES\" \/>\n<meta property=\"og:type\" content=\"article\" \/>\n<meta property=\"og:title\" content=\"NEOPEMF PAD - elopulse.com\" \/>\n<meta property=\"og:description\" content=\"Experimenta el alivio del dolor, un sue\u00f1o m\u00e1s profundo, relajaci\u00f3n, mayor concentraci\u00f3n, meditaci\u00f3n mejorada y beneficios transformadores con la tecnolog\u00eda PEMF de vanguardia.  Vers\u00e1til para su uso en la oficina, en casa, adecuado para colocarlo debajo de la almohada o en la silla (detr\u00e1s del respaldo).  Disfruta de env\u00edo gratuito a todo el mundo y de una garant\u00eda de devoluci\u00f3n del dinero de 60 d\u00edas.  Plazo de entrega garantizado a EE.UU. y la UE de 3 a 5 d\u00edas.\" \/>\n<meta property=\"og:url\" content=\"https:\/\/elopulse.com\/es\/tienda\/neopemf-pad\/\" \/>\n<meta property=\"og:site_name\" content=\"elopulse.com\" \/>\n<meta property=\"article:modified_time\" content=\"2025-05-28T20:20:29+00:00\" \/>\n<meta property=\"og:image\" content=\"https:\/\/elopulse.com\/wp-content\/uploads\/2025\/03\/Almohada-Neo.webp\" \/>\n\t<meta property=\"og:image:width\" content=\"800\" \/>\n\t<meta property=\"og:image:height\" content=\"800\" \/>\n\t<meta property=\"og:image:type\" content=\"image\/webp\" \/>\n<meta name=\"twitter:card\" content=\"summary_large_image\" \/>\n<meta name=\"twitter:label1\" content=\"Tiempo de lectura\" \/>\n\t<meta name=\"twitter:data1\" content=\"2 minutos\" \/>\n<script type=\"application\/ld+json\" class=\"yoast-schema-graph\">{\"@context\":\"https:\\\/\\\/schema.org\",\"@graph\":[{\"@type\":\"WebPage\",\"@id\":\"https:\\\/\\\/elopulse.com\\\/es\\\/tienda\\\/neopemf-pad\\\/\",\"url\":\"https:\\\/\\\/elopulse.com\\\/es\\\/tienda\\\/neopemf-pad\\\/\",\"name\":\"NEOPEMF PAD - elopulse.com\",\"isPartOf\":{\"@id\":\"https:\\\/\\\/elopulse.com\\\/es\\\/#website\"},\"primaryImageOfPage\":{\"@id\":\"https:\\\/\\\/elopulse.com\\\/es\\\/tienda\\\/neopemf-pad\\\/#primaryimage\"},\"image\":{\"@id\":\"https:\\\/\\\/elopulse.com\\\/es\\\/tienda\\\/neopemf-pad\\\/#primaryimage\"},\"thumbnailUrl\":\"https:\\\/\\\/elopulse.com\\\/wp-content\\\/uploads\\\/2025\\\/03\\\/Almohada-Neo.webp\",\"datePublished\":\"2025-04-02T13:43:39+00:00\",\"dateModified\":\"2025-05-28T20:20:29+00:00\",\"breadcrumb\":{\"@id\":\"https:\\\/\\\/elopulse.com\\\/es\\\/tienda\\\/neopemf-pad\\\/#breadcrumb\"},\"inLanguage\":\"es\",\"potentialAction\":[{\"@type\":\"ReadAction\",\"target\":[\"https:\\\/\\\/elopulse.com\\\/es\\\/tienda\\\/neopemf-pad\\\/\"]}]},{\"@type\":\"ImageObject\",\"inLanguage\":\"es\",\"@id\":\"https:\\\/\\\/elopulse.com\\\/es\\\/tienda\\\/neopemf-pad\\\/#primaryimage\",\"url\":\"https:\\\/\\\/elopulse.com\\\/wp-content\\\/uploads\\\/2025\\\/03\\\/Almohada-Neo.webp\",\"contentUrl\":\"https:\\\/\\\/elopulse.com\\\/wp-content\\\/uploads\\\/2025\\\/03\\\/Almohada-Neo.webp\",\"width\":800,\"height\":800},{\"@type\":\"BreadcrumbList\",\"@id\":\"https:\\\/\\\/elopulse.com\\\/es\\\/tienda\\\/neopemf-pad\\\/#breadcrumb\",\"itemListElement\":[{\"@type\":\"ListItem\",\"position\":1,\"name\":\"Home\",\"item\":\"https:\\\/\\\/elopulse.com\\\/es\\\/\"},{\"@type\":\"ListItem\",\"position\":2,\"name\":\"Tienda\",\"item\":\"https:\\\/\\\/elopulse.com\\\/es\\\/tienda\\\/\"},{\"@type\":\"ListItem\",\"position\":3,\"name\":\"NEOPEMF PAD\"}]},{\"@type\":\"WebSite\",\"@id\":\"https:\\\/\\\/elopulse.com\\\/es\\\/#website\",\"url\":\"https:\\\/\\\/elopulse.com\\\/es\\\/\",\"name\":\"elopulse.com\",\"description\":\"Empower Your Mind\",\"potentialAction\":[{\"@type\":\"SearchAction\",\"target\":{\"@type\":\"EntryPoint\",\"urlTemplate\":\"https:\\\/\\\/elopulse.com\\\/es\\\/?s={search_term_string}\"},\"query-input\":{\"@type\":\"PropertyValueSpecification\",\"valueRequired\":true,\"valueName\":\"search_term_string\"}}],\"inLanguage\":\"es\"}]}<\/script>\n<!-- \/ Yoast SEO plugin. -->","yoast_head_json":{"title":"NEOPEMF PAD - elopulse.com","robots":{"index":"index","follow":"follow","max-snippet":"max-snippet:-1","max-image-preview":"max-image-preview:large","max-video-preview":"max-video-preview:-1"},"canonical":"https:\/\/elopulse.com\/es\/tienda\/neopemf-pad\/","og_locale":"es_ES","og_type":"article","og_title":"NEOPEMF PAD - elopulse.com","og_description":"Experimenta el alivio del dolor, un sue\u00f1o m\u00e1s profundo, relajaci\u00f3n, mayor concentraci\u00f3n, meditaci\u00f3n mejorada y beneficios transformadores con la tecnolog\u00eda PEMF de vanguardia.  Vers\u00e1til para su uso en la oficina, en casa, adecuado para colocarlo debajo de la almohada o en la silla (detr\u00e1s del respaldo).  Disfruta de env\u00edo gratuito a todo el mundo y de una garant\u00eda de devoluci\u00f3n del dinero de 60 d\u00edas.  Plazo de entrega garantizado a EE.UU. y la UE de 3 a 5 d\u00edas.","og_url":"https:\/\/elopulse.com\/es\/tienda\/neopemf-pad\/","og_site_name":"elopulse.com","article_modified_time":"2025-05-28T20:20:29+00:00","og_image":[{"width":800,"height":800,"url":"https:\/\/elopulse.com\/wp-content\/uploads\/2025\/03\/Almohada-Neo.webp","type":"image\/webp"}],"twitter_card":"summary_large_image","twitter_misc":{"Tiempo de lectura":"2 minutos"},"schema":{"@context":"https:\/\/schema.org","@graph":[{"@type":"WebPage","@id":"https:\/\/elopulse.com\/es\/tienda\/neopemf-pad\/","url":"https:\/\/elopulse.com\/es\/tienda\/neopemf-pad\/","name":"NEOPEMF PAD - elopulse.com","isPartOf":{"@id":"https:\/\/elopulse.com\/es\/#website"},"primaryImageOfPage":{"@id":"https:\/\/elopulse.com\/es\/tienda\/neopemf-pad\/#primaryimage"},"image":{"@id":"https:\/\/elopulse.com\/es\/tienda\/neopemf-pad\/#primaryimage"},"thumbnailUrl":"https:\/\/elopulse.com\/wp-content\/uploads\/2025\/03\/Almohada-Neo.webp","datePublished":"2025-04-02T13:43:39+00:00","dateModified":"2025-05-28T20:20:29+00:00","breadcrumb":{"@id":"https:\/\/elopulse.com\/es\/tienda\/neopemf-pad\/#breadcrumb"},"inLanguage":"es","potentialAction":[{"@type":"ReadAction","target":["https:\/\/elopulse.com\/es\/tienda\/neopemf-pad\/"]}]},{"@type":"ImageObject","inLanguage":"es","@id":"https:\/\/elopulse.com\/es\/tienda\/neopemf-pad\/#primaryimage","url":"https:\/\/elopulse.com\/wp-content\/uploads\/2025\/03\/Almohada-Neo.webp","contentUrl":"https:\/\/elopulse.com\/wp-content\/uploads\/2025\/03\/Almohada-Neo.webp","width":800,"height":800},{"@type":"BreadcrumbList","@id":"https:\/\/elopulse.com\/es\/tienda\/neopemf-pad\/#breadcrumb","itemListElement":[{"@type":"ListItem","position":1,"name":"Home","item":"https:\/\/elopulse.com\/es\/"},{"@type":"ListItem","position":2,"name":"Tienda","item":"https:\/\/elopulse.com\/es\/tienda\/"},{"@type":"ListItem","position":3,"name":"NEOPEMF PAD"}]},{"@type":"WebSite","@id":"https:\/\/elopulse.com\/es\/#website","url":"https:\/\/elopulse.com\/es\/","name":"elopulse.com","description":"Empower Your Mind","potentialAction":[{"@type":"SearchAction","target":{"@type":"EntryPoint","urlTemplate":"https:\/\/elopulse.com\/es\/?s={search_term_string}"},"query-input":{"@type":"PropertyValueSpecification","valueRequired":true,"valueName":"search_term_string"}}],"inLanguage":"es"}]}},"_links":{"self":[{"href":"https:\/\/elopulse.com\/es\/wp-json\/wp\/v2\/product\/4940","targetHints":{"allow":["GET"]}}],"collection":[{"href":"https:\/\/elopulse.com\/es\/wp-json\/wp\/v2\/product"}],"about":[{"href":"https:\/\/elopulse.com\/es\/wp-json\/wp\/v2\/types\/product"}],"replies":[{"embeddable":true,"href":"https:\/\/elopulse.com\/es\/wp-json\/wp\/v2\/comments?post=4940"}],"wp:featuredmedia":[{"embeddable":true,"href":"https:\/\/elopulse.com\/es\/wp-json\/wp\/v2\/media\/4763"}],"wp:attachment":[{"href":"https:\/\/elopulse.com\/es\/wp-json\/wp\/v2\/media?parent=4940"}],"wp:term":[{"taxonomy":"product_brand","embeddable":true,"href":"https:\/\/elopulse.com\/es\/wp-json\/wp\/v2\/product_brand?post=4940"},{"taxonomy":"product_cat","embeddable":true,"href":"https:\/\/elopulse.com\/es\/wp-json\/wp\/v2\/product_cat?post=4940"},{"taxonomy":"product_tag","embeddable":true,"href":"https:\/\/elopulse.com\/es\/wp-json\/wp\/v2\/product_tag?post=4940"}],"curies":[{"name":"wp","href":"https:\/\/api.w.org\/{rel}","templated":true}]}}