{"id":4941,"date":"2025-03-28T11:29:26","date_gmt":"2025-03-28T11:29:26","guid":{"rendered":"https:\/\/elopulse.com\/shop\/diadema-neopemf\/"},"modified":"2025-05-28T20:17:26","modified_gmt":"2025-05-28T20:17:26","slug":"neopemf-headband","status":"publish","type":"product","link":"https:\/\/elopulse.com\/es\/tienda\/neopemf-headband\/","title":{"rendered":"NEOPEMF HEADBAND"},"content":{"rendered":"<p>[et_pb_section fb_built=\u00bb1&#8243; _builder_version=\u00bb4.16&#8243; custom_padding=\u00bb0px||||false|false\u00bb da_disable_devices=\u00bboff|off|off\u00bb global_colors_info=\u00bb{}\u00bb da_is_popup=\u00bboff\u00bb da_exit_intent=\u00bboff\u00bb da_has_close=\u00bbon\u00bb da_alt_close=\u00bboff\u00bb da_dark_close=\u00bboff\u00bb da_not_modal=\u00bbon\u00bb da_is_singular=\u00bboff\u00bb da_with_loader=\u00bboff\u00bb da_has_shadow=\u00bbon\u00bb][et_pb_row _builder_version=\u00bb4.16&#8243; background_size=\u00bbinitial\u00bb background_position=\u00bbtop_left\u00bb background_repeat=\u00bbrepeat\u00bb width=\u00bb100%\u00bb custom_padding=\u00bb0px||0px||false|false\u00bb global_colors_info=\u00bb{}\u00bb][et_pb_column type=\u00bb4_4&#8243; _builder_version=\u00bb4.16&#8243; custom_padding=\u00bb|||\u00bb global_colors_info=\u00bb{}\u00bb custom_padding__hover=\u00bb|||\u00bb][et_pb_wc_breadcrumb _builder_version=\u00bb4.16&#8243; global_colors_info=\u00bb{}\u00bb][\/et_pb_wc_breadcrumb][et_pb_wc_cart_notice _builder_version=\u00bb4.16&#8243; global_colors_info=\u00bb{}\u00bb][\/et_pb_wc_cart_notice][\/et_pb_column][\/et_pb_row][et_pb_row column_structure=\u00bb1_2,1_2&#8243; _builder_version=\u00bb4.16&#8243; background_size=\u00bbinitial\u00bb background_position=\u00bbtop_left\u00bb background_repeat=\u00bbrepeat\u00bb width=\u00bb100%\u00bb custom_padding=\u00bb0px||||false|false\u00bb global_colors_info=\u00bb{}\u00bb][et_pb_column type=\u00bb1_2&#8243; _builder_version=\u00bb4.16&#8243; custom_padding=\u00bb|||\u00bb global_colors_info=\u00bb{}\u00bb custom_padding__hover=\u00bb|||\u00bb][et_pb_wc_images _builder_version=\u00bb4.27.4&#8243; border_radii=\u00bbon|10px|10px|10px|10px\u00bb global_colors_info=\u00bb{}\u00bb][\/et_pb_wc_images][\/et_pb_column][et_pb_column type=\u00bb1_2&#8243; _builder_version=\u00bb4.16&#8243; custom_padding=\u00bb|||\u00bb global_colors_info=\u00bb{}\u00bb custom_padding__hover=\u00bb|||\u00bb][et_pb_wc_title _builder_version=\u00bb4.16&#8243; global_colors_info=\u00bb{}\u00bb][\/et_pb_wc_title][et_pb_wc_rating _builder_version=\u00bb4.16&#8243; global_colors_info=\u00bb{}\u00bb][\/et_pb_wc_rating][et_pb_wc_price _builder_version=\u00bb4.16&#8243; global_colors_info=\u00bb{}\u00bb][\/et_pb_wc_price][et_pb_wc_description _builder_version=\u00bb4.16&#8243; global_colors_info=\u00bb{}\u00bb][\/et_pb_wc_description][et_pb_wc_add_to_cart _builder_version=\u00bb4.16&#8243; global_colors_info=\u00bb{}\u00bb][\/et_pb_wc_add_to_cart][et_pb_wc_meta _builder_version=\u00bb4.16&#8243; global_colors_info=\u00bb{}\u00bb][\/et_pb_wc_meta][\/et_pb_column][\/et_pb_row][et_pb_row _builder_version=\u00bb4.16&#8243; background_size=\u00bbinitial\u00bb background_position=\u00bbtop_left\u00bb background_repeat=\u00bbrepeat\u00bb width=\u00bb100%\u00bb global_colors_info=\u00bb{}\u00bb][et_pb_column type=\u00bb4_4&#8243; _builder_version=\u00bb4.16&#8243; custom_padding=\u00bb|||\u00bb global_colors_info=\u00bb{}\u00bb custom_padding__hover=\u00bb|||\u00bb][et_pb_wc_tabs _builder_version=\u00bb4.16&#8243; global_colors_info=\u00bb{}\u00bb]\t\t\t\t\t[\/et_pb_wc_tabs][et_pb_wc_upsells _builder_version=\u00bb4.16&#8243; global_colors_info=\u00bb{}\u00bb][\/et_pb_wc_upsells][et_pb_wc_related_products _builder_version=\u00bb4.16&#8243; global_colors_info=\u00bb{}\u00bb][\/et_pb_wc_related_products][\/et_pb_column][\/et_pb_row][\/et_pb_section]<\/p>\n","protected":false},"excerpt":{"rendered":"<p>Experimenta el alivio del dolor, un sue\u00f1o m\u00e1s profundo, relajaci\u00f3n, mayor concentraci\u00f3n, meditaci\u00f3n mejorada y beneficios transformadores con la tecnolog\u00eda PEMF de vanguardia.<\/p>\n<ul class=\"specs-t\">\n<li data-rocket-lazy-bg-8e12011e-bd01-422f-8064-8be1d69361ba=\"excluded\" data-rocket-lazy-bg-e982e110-021e-4e28-9c48-8c860c09b2d8=\"excluded\"><strong>Consigue un sue\u00f1o m\u00e1s profundo y reparador,<\/strong> favorece la recuperaci\u00f3n f\u00edsica y rel\u00e1jate de forma r\u00e1pida y eficaz<\/li>\n<li data-rocket-lazy-bg-8e12011e-bd01-422f-8064-8be1d69361ba=\"excluded\" data-rocket-lazy-bg-e982e110-021e-4e28-9c48-8c860c09b2d8=\"excluded\"><strong>Una soluci\u00f3n para todo el cuerpo, con<\/strong>programas dirigidos a la claridad mental, el equilibrio del estado de \u00e1nimo y la recuperaci\u00f3n f\u00edsica<strong>.<\/strong><\/li>\n<li data-rocket-lazy-bg-8e12011e-bd01-422f-8064-8be1d69361ba=\"excluded\" data-rocket-lazy-bg-e982e110-021e-4e28-9c48-8c860c09b2d8=\"excluded\">Ideal para usar <strong>en casa, en la oficina o de viaje<\/strong> <\/li>\n<li>Plazo de entrega garantizado a EE.UU. y la UE en 5-7 d\u00edas.<\/li>\n<\/ul>\n","protected":false},"featured_media":4748,"comment_status":"open","ping_status":"closed","template":"","meta":{"_et_pb_use_builder":"on","_et_pb_old_content":"NEOPEMF es un dispositivo port\u00e1til que utiliza la tecnolog\u00eda del Campo Electromagn\u00e9tico Pulsado (PEMF) para promover el bienestar y mejorar la vida cotidiana. Su dise\u00f1o ligero y c\u00f3modo permite utilizarlo f\u00e1cilmente en varias partes del cuerpo, lo que lo convierte en un dispositivo port\u00e1til ideal para todo el cuerpo. \n\nCon programas preestablecidos y opciones personalizables, NEOPEMF puede adaptarse a las necesidades individuales para una terapia personalizada. Ya sea para reducir la tensi\u00f3n, aumentar la relajaci\u00f3n o mejorar la vitalidad, el aparato es una soluci\u00f3n pr\u00e1ctica e innovadora para fomentar el bienestar. \n\nNEOPEMF es recargable y viene equipado con una aplicaci\u00f3n m\u00f3vil para realizar el seguimiento de las sesiones y personalizar los programas, lo que aumenta la comodidad general.\n\nNEOPEMF es un dispositivo PEMF vers\u00e1til que puede utilizarse en varias partes del cuerpo, gracias a su tecnolog\u00eda de estimulaci\u00f3n de 360\u2070, incluido el cuello, las articulaciones doloridas y el est\u00f3mago, lo que lo convierte en una soluci\u00f3n vers\u00e1til para tratar el malestar y la inquietud. Est\u00e1 dise\u00f1ado para el bienestar f\u00edsico y mental, con capacidad para promover la relajaci\u00f3n, dormir mejor, aliviar el dolor y mucho m\u00e1s. Con intensidades personalizables y seis modos distintos, el dispositivo NEOPEMF puede adaptarse a necesidades espec\u00edficas, lo que lo convierte en una potente herramienta para mejorar el bienestar general.  \n\nLa aplicaci\u00f3n NeoRhythm puede descargarse en <a href=\"https:\/\/apple.com\/\" target=\"_new\">Apple App Store<\/a> y <a href=\"https:\/\/play.google.com\/\" target=\"_new\">Google Play Store<\/a>. Con la aplicaci\u00f3n, los usuarios pueden elegir entre 12 programas predefinidos en cinco categor\u00edas: energ\u00eda, sue\u00f1o, meditaci\u00f3n, relajaci\u00f3n y bienestar f\u00edsico, cada uno con una descripci\u00f3n y recomendaciones de uso. Adem\u00e1s, el modo avanzado de la aplicaci\u00f3n permite a los usuarios crear sus propios programas personalizados, ajustando la potencia, las bobinas utilizadas, las frecuencias y las duraciones. La aplicaci\u00f3n tambi\u00e9n incluye un rastreador de sesiones, que permite a los usuarios controlar su uso y progreso a lo largo del tiempo. Con la aplicaci\u00f3n NeoRhythm, aprovechar el poder de la terapia PEMF nunca ha sido tan f\u00e1cil.    \n\n<strong>Especificaciones:<\/strong>\n<ul>\n \t<li>Gama de frecuencias: 1 - 303,41 Hz<\/li>\n \t<li>Intensidad m\u00e1xima: 25 Gauss (2,5 mT)<\/li>\n \t<li>Forma de onda: Trapezoidal<\/li>\n \t<li>Peso: 105 g<\/li>\n \t<li>Bater\u00eda interna recargable (cable micro USB)<\/li>\n \t<li>2 a\u00f1os de garant\u00eda<\/li>\n \t<li>Dimensiones: 160 mm x 170 mm x 28 mm (6,3 x 6,7 x 1,1 pulgadas)<\/li>\n<\/ul>","_et_gb_content_width":""},"product_brand":[],"product_cat":[33],"product_tag":[34],"class_list":{"0":"post-4941","1":"product","2":"type-product","3":"status-publish","4":"has-post-thumbnail","6":"product_cat-omnipemf-es","7":"product_tag-pemf-es","9":"first","10":"instock","11":"sale","12":"downloadable","13":"virtual","14":"purchasable","15":"product-type-simple"},"yoast_head":"<!-- This site is optimized with the Yoast SEO plugin v27.4 - https:\/\/yoast.com\/product\/yoast-seo-wordpress\/ -->\n<title>NEOPEMF HEADBAND - elopulse.com<\/title>\n<meta name=\"robots\" content=\"index, follow, max-snippet:-1, max-image-preview:large, max-video-preview:-1\" \/>\n<link rel=\"canonical\" href=\"https:\/\/elopulse.com\/es\/tienda\/neopemf-headband\/\" \/>\n<meta property=\"og:locale\" content=\"es_ES\" \/>\n<meta property=\"og:type\" content=\"article\" \/>\n<meta property=\"og:title\" content=\"NEOPEMF HEADBAND - elopulse.com\" \/>\n<meta property=\"og:description\" content=\"Experimenta el alivio del dolor, un sue\u00f1o m\u00e1s profundo, relajaci\u00f3n, mayor concentraci\u00f3n, meditaci\u00f3n mejorada y beneficios transformadores con la tecnolog\u00eda PEMF de vanguardia.  Consigue un sue\u00f1o m\u00e1s profundo y reparador, favorece la recuperaci\u00f3n f\u00edsica y rel\u00e1jate de forma r\u00e1pida y eficaz  Una soluci\u00f3n para todo el cuerpo, conprogramas dirigidos a la claridad mental, el equilibrio del estado de \u00e1nimo y la recuperaci\u00f3n f\u00edsica.  Ideal para usar en casa, en la oficina o de viaje  Plazo de entrega garantizado a EE.UU. y la UE en 5-7 d\u00edas.\" \/>\n<meta property=\"og:url\" content=\"https:\/\/elopulse.com\/es\/tienda\/neopemf-headband\/\" \/>\n<meta property=\"og:site_name\" content=\"elopulse.com\" \/>\n<meta property=\"article:modified_time\" content=\"2025-05-28T20:17:26+00:00\" \/>\n<meta property=\"og:image\" content=\"https:\/\/elopulse.com\/wp-content\/uploads\/2025\/03\/diadema-neo-1.webp\" \/>\n\t<meta property=\"og:image:width\" content=\"800\" \/>\n\t<meta property=\"og:image:height\" content=\"800\" \/>\n\t<meta property=\"og:image:type\" content=\"image\/webp\" \/>\n<meta name=\"twitter:card\" content=\"summary_large_image\" \/>\n<meta name=\"twitter:label1\" content=\"Tiempo de lectura\" \/>\n\t<meta name=\"twitter:data1\" content=\"2 minutos\" \/>\n<script type=\"application\/ld+json\" class=\"yoast-schema-graph\">{\"@context\":\"https:\\\/\\\/schema.org\",\"@graph\":[{\"@type\":\"WebPage\",\"@id\":\"https:\\\/\\\/elopulse.com\\\/es\\\/tienda\\\/neopemf-headband\\\/\",\"url\":\"https:\\\/\\\/elopulse.com\\\/es\\\/tienda\\\/neopemf-headband\\\/\",\"name\":\"NEOPEMF HEADBAND - elopulse.com\",\"isPartOf\":{\"@id\":\"https:\\\/\\\/elopulse.com\\\/es\\\/#website\"},\"primaryImageOfPage\":{\"@id\":\"https:\\\/\\\/elopulse.com\\\/es\\\/tienda\\\/neopemf-headband\\\/#primaryimage\"},\"image\":{\"@id\":\"https:\\\/\\\/elopulse.com\\\/es\\\/tienda\\\/neopemf-headband\\\/#primaryimage\"},\"thumbnailUrl\":\"https:\\\/\\\/elopulse.com\\\/wp-content\\\/uploads\\\/2025\\\/03\\\/diadema-neo-1.webp\",\"datePublished\":\"2025-03-28T11:29:26+00:00\",\"dateModified\":\"2025-05-28T20:17:26+00:00\",\"breadcrumb\":{\"@id\":\"https:\\\/\\\/elopulse.com\\\/es\\\/tienda\\\/neopemf-headband\\\/#breadcrumb\"},\"inLanguage\":\"es\",\"potentialAction\":[{\"@type\":\"ReadAction\",\"target\":[\"https:\\\/\\\/elopulse.com\\\/es\\\/tienda\\\/neopemf-headband\\\/\"]}]},{\"@type\":\"ImageObject\",\"inLanguage\":\"es\",\"@id\":\"https:\\\/\\\/elopulse.com\\\/es\\\/tienda\\\/neopemf-headband\\\/#primaryimage\",\"url\":\"https:\\\/\\\/elopulse.com\\\/wp-content\\\/uploads\\\/2025\\\/03\\\/diadema-neo-1.webp\",\"contentUrl\":\"https:\\\/\\\/elopulse.com\\\/wp-content\\\/uploads\\\/2025\\\/03\\\/diadema-neo-1.webp\",\"width\":800,\"height\":800},{\"@type\":\"BreadcrumbList\",\"@id\":\"https:\\\/\\\/elopulse.com\\\/es\\\/tienda\\\/neopemf-headband\\\/#breadcrumb\",\"itemListElement\":[{\"@type\":\"ListItem\",\"position\":1,\"name\":\"Home\",\"item\":\"https:\\\/\\\/elopulse.com\\\/es\\\/\"},{\"@type\":\"ListItem\",\"position\":2,\"name\":\"Tienda\",\"item\":\"https:\\\/\\\/elopulse.com\\\/es\\\/tienda\\\/\"},{\"@type\":\"ListItem\",\"position\":3,\"name\":\"NEOPEMF HEADBAND\"}]},{\"@type\":\"WebSite\",\"@id\":\"https:\\\/\\\/elopulse.com\\\/es\\\/#website\",\"url\":\"https:\\\/\\\/elopulse.com\\\/es\\\/\",\"name\":\"elopulse.com\",\"description\":\"Empower Your Mind\",\"potentialAction\":[{\"@type\":\"SearchAction\",\"target\":{\"@type\":\"EntryPoint\",\"urlTemplate\":\"https:\\\/\\\/elopulse.com\\\/es\\\/?s={search_term_string}\"},\"query-input\":{\"@type\":\"PropertyValueSpecification\",\"valueRequired\":true,\"valueName\":\"search_term_string\"}}],\"inLanguage\":\"es\"}]}<\/script>\n<!-- \/ Yoast SEO plugin. -->","yoast_head_json":{"title":"NEOPEMF HEADBAND - elopulse.com","robots":{"index":"index","follow":"follow","max-snippet":"max-snippet:-1","max-image-preview":"max-image-preview:large","max-video-preview":"max-video-preview:-1"},"canonical":"https:\/\/elopulse.com\/es\/tienda\/neopemf-headband\/","og_locale":"es_ES","og_type":"article","og_title":"NEOPEMF HEADBAND - elopulse.com","og_description":"Experimenta el alivio del dolor, un sue\u00f1o m\u00e1s profundo, relajaci\u00f3n, mayor concentraci\u00f3n, meditaci\u00f3n mejorada y beneficios transformadores con la tecnolog\u00eda PEMF de vanguardia.  Consigue un sue\u00f1o m\u00e1s profundo y reparador, favorece la recuperaci\u00f3n f\u00edsica y rel\u00e1jate de forma r\u00e1pida y eficaz  Una soluci\u00f3n para todo el cuerpo, conprogramas dirigidos a la claridad mental, el equilibrio del estado de \u00e1nimo y la recuperaci\u00f3n f\u00edsica.  Ideal para usar en casa, en la oficina o de viaje  Plazo de entrega garantizado a EE.UU. y la UE en 5-7 d\u00edas.","og_url":"https:\/\/elopulse.com\/es\/tienda\/neopemf-headband\/","og_site_name":"elopulse.com","article_modified_time":"2025-05-28T20:17:26+00:00","og_image":[{"width":800,"height":800,"url":"https:\/\/elopulse.com\/wp-content\/uploads\/2025\/03\/diadema-neo-1.webp","type":"image\/webp"}],"twitter_card":"summary_large_image","twitter_misc":{"Tiempo de lectura":"2 minutos"},"schema":{"@context":"https:\/\/schema.org","@graph":[{"@type":"WebPage","@id":"https:\/\/elopulse.com\/es\/tienda\/neopemf-headband\/","url":"https:\/\/elopulse.com\/es\/tienda\/neopemf-headband\/","name":"NEOPEMF HEADBAND - elopulse.com","isPartOf":{"@id":"https:\/\/elopulse.com\/es\/#website"},"primaryImageOfPage":{"@id":"https:\/\/elopulse.com\/es\/tienda\/neopemf-headband\/#primaryimage"},"image":{"@id":"https:\/\/elopulse.com\/es\/tienda\/neopemf-headband\/#primaryimage"},"thumbnailUrl":"https:\/\/elopulse.com\/wp-content\/uploads\/2025\/03\/diadema-neo-1.webp","datePublished":"2025-03-28T11:29:26+00:00","dateModified":"2025-05-28T20:17:26+00:00","breadcrumb":{"@id":"https:\/\/elopulse.com\/es\/tienda\/neopemf-headband\/#breadcrumb"},"inLanguage":"es","potentialAction":[{"@type":"ReadAction","target":["https:\/\/elopulse.com\/es\/tienda\/neopemf-headband\/"]}]},{"@type":"ImageObject","inLanguage":"es","@id":"https:\/\/elopulse.com\/es\/tienda\/neopemf-headband\/#primaryimage","url":"https:\/\/elopulse.com\/wp-content\/uploads\/2025\/03\/diadema-neo-1.webp","contentUrl":"https:\/\/elopulse.com\/wp-content\/uploads\/2025\/03\/diadema-neo-1.webp","width":800,"height":800},{"@type":"BreadcrumbList","@id":"https:\/\/elopulse.com\/es\/tienda\/neopemf-headband\/#breadcrumb","itemListElement":[{"@type":"ListItem","position":1,"name":"Home","item":"https:\/\/elopulse.com\/es\/"},{"@type":"ListItem","position":2,"name":"Tienda","item":"https:\/\/elopulse.com\/es\/tienda\/"},{"@type":"ListItem","position":3,"name":"NEOPEMF HEADBAND"}]},{"@type":"WebSite","@id":"https:\/\/elopulse.com\/es\/#website","url":"https:\/\/elopulse.com\/es\/","name":"elopulse.com","description":"Empower Your Mind","potentialAction":[{"@type":"SearchAction","target":{"@type":"EntryPoint","urlTemplate":"https:\/\/elopulse.com\/es\/?s={search_term_string}"},"query-input":{"@type":"PropertyValueSpecification","valueRequired":true,"valueName":"search_term_string"}}],"inLanguage":"es"}]}},"_links":{"self":[{"href":"https:\/\/elopulse.com\/es\/wp-json\/wp\/v2\/product\/4941","targetHints":{"allow":["GET"]}}],"collection":[{"href":"https:\/\/elopulse.com\/es\/wp-json\/wp\/v2\/product"}],"about":[{"href":"https:\/\/elopulse.com\/es\/wp-json\/wp\/v2\/types\/product"}],"replies":[{"embeddable":true,"href":"https:\/\/elopulse.com\/es\/wp-json\/wp\/v2\/comments?post=4941"}],"wp:featuredmedia":[{"embeddable":true,"href":"https:\/\/elopulse.com\/es\/wp-json\/wp\/v2\/media\/4748"}],"wp:attachment":[{"href":"https:\/\/elopulse.com\/es\/wp-json\/wp\/v2\/media?parent=4941"}],"wp:term":[{"taxonomy":"product_brand","embeddable":true,"href":"https:\/\/elopulse.com\/es\/wp-json\/wp\/v2\/product_brand?post=4941"},{"taxonomy":"product_cat","embeddable":true,"href":"https:\/\/elopulse.com\/es\/wp-json\/wp\/v2\/product_cat?post=4941"},{"taxonomy":"product_tag","embeddable":true,"href":"https:\/\/elopulse.com\/es\/wp-json\/wp\/v2\/product_tag?post=4941"}],"curies":[{"name":"wp","href":"https:\/\/api.w.org\/{rel}","templated":true}]}}