{"id":4942,"date":"2025-04-02T13:46:09","date_gmt":"2025-04-02T13:46:09","guid":{"rendered":"https:\/\/elopulse.com\/shop\/tubo-neopemf\/"},"modified":"2025-05-28T20:16:29","modified_gmt":"2025-05-28T20:16:29","slug":"neopemf-tube","status":"publish","type":"product","link":"https:\/\/elopulse.com\/es\/tienda\/neopemf-tube\/","title":{"rendered":"NEOPEMF TUBE"},"content":{"rendered":"<p><strong>TUBO NEOPEMF: un dispositivo PEMF vers\u00e1til para mejorar el bienestar<\/strong><\/p>\n<p>NEOPEMF TUBE es un dispositivo PEMF vers\u00e1til que puede utilizarse en varias partes del cuerpo, gracias a su tecnolog\u00eda de estimulaci\u00f3n 360\u2070, incluido el cuello, las articulaciones doloridas y el est\u00f3mago. Esta versatilidad lo convierte en una soluci\u00f3n polivalente para tratar el malestar y la inquietud. Est\u00e1 dise\u00f1ado para el bienestar f\u00edsico y mental, con capacidad para promover la relajaci\u00f3n, dormir mejor, aliviar el dolor y mucho m\u00e1s. Con intensidades personalizables y seis modos distintos, el dispositivo NeoRhythm puede adaptarse a tus necesidades espec\u00edficas, lo que lo convierte en una poderosa herramienta para el bienestar general.   <\/p>\n<p><strong>NEOPEMF TUBE &#8211; Dispositivo PEMF de vanguardia:<\/strong> NEOPEMF TUBE es un dispositivo PEMF de \u00faltima generaci\u00f3n que utiliza tecnolog\u00eda de campo electromagn\u00e9tico pulsado para proporcionar estimulaci\u00f3n dirigida a zonas espec\u00edficas de tu cuerpo. Este dispositivo con forma de tubo est\u00e1 dise\u00f1ado para promover la relajaci\u00f3n, el alivio del dolor y mucho m\u00e1s, lo que lo convierte en una herramienta ideal para la terapia en casa. Con seis modos diferentes e intensidades personalizables, NEOPEMF TUBE es una forma c\u00f3moda y eficaz de mejorar tu bienestar general.  <\/p>\n<p><strong>Destinado al Bienestar General:<\/strong> Est\u00e1 pensado para el bienestar general y puede ayudar a promover la relajaci\u00f3n y aliviar el dolor muscular, proporcionando un alivio instant\u00e1neo para el dolor de cuello y espalda. El aparato tambi\u00e9n puede potenciar la energ\u00eda y ayudar a la regeneraci\u00f3n, contribuyendo eficazmente a eliminar el estr\u00e9s. Puedes utilizar el TUBO NEOPEMF para dirigirlo a diversas zonas del cuerpo, estimulando y apoyando activamente las funciones naturales del organismo. Su dise\u00f1o port\u00e1til y compacto facilita su uso en casa o mientras viajas, permiti\u00e9ndote disfrutar de los beneficios de la terapia PEMF dondequiera que vayas.   <\/p>\n<p><strong>Grafeno &#8211; Material innovador:<\/strong> El grafeno se considera uno de los materiales m\u00e1s innovadores. Es el material m\u00e1s fino del mundo, tan fino como una sola capa de \u00e1tomos de carbono y tan duro como un diamante. El grafeno es antibacteriano, crucial para mantener la higiene en nuestro entorno, impidiendo el crecimiento y la persistencia tanto de bacterias como de virus.  <\/p>\n<p><strong>Principales ventajas y propiedades del grafeno:<\/strong><\/p>\n<ul>\n<li><strong>Regulaci\u00f3n de la temperatura:<\/strong> Mantiene estable la temperatura corporal en temperaturas ambientales cambiantes.<\/li>\n<li><strong>Antiolor:<\/strong> Las part\u00edculas de grafeno tienen excelentes propiedades antiolor.<\/li>\n<li><strong>Resistente y duradero:<\/strong> La cubierta del tubo de grafeno est\u00e1 hecha de tinta de grafeno, uno de los materiales m\u00e1s ligeros y resistentes del mundo, sin desgarrarse.<\/li>\n<li><strong>Sostenible:<\/strong> Fabricado a partir de biomasa de grafeno.<\/li>\n<li><strong>Hipoalerg\u00e9nico:<\/strong> No t\u00f3xico, Antibacteriano.<\/li>\n<\/ul>\n<p><strong>Especificaciones t\u00e9cnicas:<\/strong><\/p>\n<ul>\n<li>Gama de frecuencias: 3 &#8211; 303,41 Hz<\/li>\n<li>Intensidad m\u00e1xima: 25 Gauss (2,5 mT)<\/li>\n<li>Forma de onda: Trapezoidal<\/li>\n<li>Peso: 295 g<\/li>\n<li>Bater\u00eda interna recargable (cable micro USB)<\/li>\n<li>2 a\u00f1os de garant\u00eda<\/li>\n<li>Dimensiones: 400 mm x 100 mm x 150 mm (15,7 x 3,9 x 5,9 pulgadas)<\/li>\n<li>Material de la cubierta: Grafeno natural y ecol\u00f3gico<\/li>\n<\/ul>\n<p><strong>Aplicaci\u00f3n NeoRhythm:<\/strong> La aplicaci\u00f3n NeoRhythm est\u00e1 disponible para su descarga en Apple App Store y Google Play Store. Con la app, los usuarios pueden elegir entre 12 programas predefinidos en cinco categor\u00edas: energ\u00eda, sue\u00f1o, meditaci\u00f3n, relajaci\u00f3n y bienestar f\u00edsico, cada uno con una descripci\u00f3n y recomendaciones de uso. Adem\u00e1s, el modo avanzado permite a los usuarios crear programas personalizados, personalizar la potencia, las bobinas utilizadas, las frecuencias y las duraciones. La aplicaci\u00f3n tambi\u00e9n incluye un rastreador de sesiones, que permite a los usuarios controlar su uso y progreso a lo largo del tiempo. Con la aplicaci\u00f3n NeoRhythm, aprovechar el poder de la terapia PEMF nunca ha sido tan f\u00e1cil.    <\/p>\n","protected":false},"excerpt":{"rendered":"<p>Experimenta el alivio del dolor, un sue\u00f1o m\u00e1s profundo, relajaci\u00f3n, mayor concentraci\u00f3n, meditaci\u00f3n mejorada y beneficios transformadores con la tecnolog\u00eda PEMF de vanguardia.<\/p>\n<ul>\n<li>Perfecto para proporcionar un apoyo \u00f3ptimo a la espalda y el cuello, para utilizarlo en la oficina, en casa y en cualquier lugar mientras viajas.<\/li>\n<li>Disfruta de env\u00edo gratuito a todo el mundo y de una garant\u00eda de devoluci\u00f3n del dinero de 60 d\u00edas.<\/li>\n<li>Plazo de entrega garantizado a EE.UU. y la UE en 5-7 d\u00edas.<\/li>\n<\/ul>\n","protected":false},"featured_media":4765,"comment_status":"open","ping_status":"closed","template":"","meta":{"_et_pb_use_builder":"","_et_pb_old_content":"","_et_gb_content_width":""},"product_brand":[],"product_cat":[33],"product_tag":[],"class_list":{"0":"post-4942","1":"product","2":"type-product","3":"status-publish","4":"has-post-thumbnail","6":"product_cat-omnipemf-es","8":"first","9":"instock","10":"sale","11":"downloadable","12":"virtual","13":"purchasable","14":"product-type-simple"},"yoast_head":"<!-- This site is optimized with the Yoast SEO plugin v27.4 - https:\/\/yoast.com\/product\/yoast-seo-wordpress\/ -->\n<title>NEOPEMF TUBE - elopulse.com<\/title>\n<meta name=\"robots\" content=\"index, follow, max-snippet:-1, max-image-preview:large, max-video-preview:-1\" \/>\n<link rel=\"canonical\" href=\"https:\/\/elopulse.com\/es\/tienda\/neopemf-tube\/\" \/>\n<meta property=\"og:locale\" content=\"es_ES\" \/>\n<meta property=\"og:type\" content=\"article\" \/>\n<meta property=\"og:title\" content=\"NEOPEMF TUBE - elopulse.com\" \/>\n<meta property=\"og:description\" content=\"Experimenta el alivio del dolor, un sue\u00f1o m\u00e1s profundo, relajaci\u00f3n, mayor concentraci\u00f3n, meditaci\u00f3n mejorada y beneficios transformadores con la tecnolog\u00eda PEMF de vanguardia.  Perfecto para proporcionar un apoyo \u00f3ptimo a la espalda y el cuello, para utilizarlo en la oficina, en casa y en cualquier lugar mientras viajas.  Disfruta de env\u00edo gratuito a todo el mundo y de una garant\u00eda de devoluci\u00f3n del dinero de 60 d\u00edas.  Plazo de entrega garantizado a EE.UU. y la UE en 5-7 d\u00edas.\" \/>\n<meta property=\"og:url\" content=\"https:\/\/elopulse.com\/es\/tienda\/neopemf-tube\/\" \/>\n<meta property=\"og:site_name\" content=\"elopulse.com\" \/>\n<meta property=\"article:modified_time\" content=\"2025-05-28T20:16:29+00:00\" \/>\n<meta property=\"og:image\" content=\"https:\/\/elopulse.com\/wp-content\/uploads\/2025\/03\/Cojin-NEO-1.webp\" \/>\n\t<meta property=\"og:image:width\" content=\"800\" \/>\n\t<meta property=\"og:image:height\" content=\"800\" \/>\n\t<meta property=\"og:image:type\" content=\"image\/webp\" \/>\n<meta name=\"twitter:card\" content=\"summary_large_image\" \/>\n<meta name=\"twitter:label1\" content=\"Tiempo de lectura\" \/>\n\t<meta name=\"twitter:data1\" content=\"3 minutos\" \/>\n<script type=\"application\/ld+json\" class=\"yoast-schema-graph\">{\"@context\":\"https:\\\/\\\/schema.org\",\"@graph\":[{\"@type\":\"WebPage\",\"@id\":\"https:\\\/\\\/elopulse.com\\\/es\\\/tienda\\\/neopemf-tube\\\/\",\"url\":\"https:\\\/\\\/elopulse.com\\\/es\\\/tienda\\\/neopemf-tube\\\/\",\"name\":\"NEOPEMF TUBE - elopulse.com\",\"isPartOf\":{\"@id\":\"https:\\\/\\\/elopulse.com\\\/es\\\/#website\"},\"primaryImageOfPage\":{\"@id\":\"https:\\\/\\\/elopulse.com\\\/es\\\/tienda\\\/neopemf-tube\\\/#primaryimage\"},\"image\":{\"@id\":\"https:\\\/\\\/elopulse.com\\\/es\\\/tienda\\\/neopemf-tube\\\/#primaryimage\"},\"thumbnailUrl\":\"https:\\\/\\\/elopulse.com\\\/wp-content\\\/uploads\\\/2025\\\/03\\\/Cojin-NEO-1.webp\",\"datePublished\":\"2025-04-02T13:46:09+00:00\",\"dateModified\":\"2025-05-28T20:16:29+00:00\",\"breadcrumb\":{\"@id\":\"https:\\\/\\\/elopulse.com\\\/es\\\/tienda\\\/neopemf-tube\\\/#breadcrumb\"},\"inLanguage\":\"es\",\"potentialAction\":[{\"@type\":\"ReadAction\",\"target\":[\"https:\\\/\\\/elopulse.com\\\/es\\\/tienda\\\/neopemf-tube\\\/\"]}]},{\"@type\":\"ImageObject\",\"inLanguage\":\"es\",\"@id\":\"https:\\\/\\\/elopulse.com\\\/es\\\/tienda\\\/neopemf-tube\\\/#primaryimage\",\"url\":\"https:\\\/\\\/elopulse.com\\\/wp-content\\\/uploads\\\/2025\\\/03\\\/Cojin-NEO-1.webp\",\"contentUrl\":\"https:\\\/\\\/elopulse.com\\\/wp-content\\\/uploads\\\/2025\\\/03\\\/Cojin-NEO-1.webp\",\"width\":800,\"height\":800},{\"@type\":\"BreadcrumbList\",\"@id\":\"https:\\\/\\\/elopulse.com\\\/es\\\/tienda\\\/neopemf-tube\\\/#breadcrumb\",\"itemListElement\":[{\"@type\":\"ListItem\",\"position\":1,\"name\":\"Home\",\"item\":\"https:\\\/\\\/elopulse.com\\\/es\\\/\"},{\"@type\":\"ListItem\",\"position\":2,\"name\":\"Tienda\",\"item\":\"https:\\\/\\\/elopulse.com\\\/es\\\/tienda\\\/\"},{\"@type\":\"ListItem\",\"position\":3,\"name\":\"NEOPEMF TUBE\"}]},{\"@type\":\"WebSite\",\"@id\":\"https:\\\/\\\/elopulse.com\\\/es\\\/#website\",\"url\":\"https:\\\/\\\/elopulse.com\\\/es\\\/\",\"name\":\"elopulse.com\",\"description\":\"Empower Your Mind\",\"potentialAction\":[{\"@type\":\"SearchAction\",\"target\":{\"@type\":\"EntryPoint\",\"urlTemplate\":\"https:\\\/\\\/elopulse.com\\\/es\\\/?s={search_term_string}\"},\"query-input\":{\"@type\":\"PropertyValueSpecification\",\"valueRequired\":true,\"valueName\":\"search_term_string\"}}],\"inLanguage\":\"es\"}]}<\/script>\n<!-- \/ Yoast SEO plugin. -->","yoast_head_json":{"title":"NEOPEMF TUBE - elopulse.com","robots":{"index":"index","follow":"follow","max-snippet":"max-snippet:-1","max-image-preview":"max-image-preview:large","max-video-preview":"max-video-preview:-1"},"canonical":"https:\/\/elopulse.com\/es\/tienda\/neopemf-tube\/","og_locale":"es_ES","og_type":"article","og_title":"NEOPEMF TUBE - elopulse.com","og_description":"Experimenta el alivio del dolor, un sue\u00f1o m\u00e1s profundo, relajaci\u00f3n, mayor concentraci\u00f3n, meditaci\u00f3n mejorada y beneficios transformadores con la tecnolog\u00eda PEMF de vanguardia.  Perfecto para proporcionar un apoyo \u00f3ptimo a la espalda y el cuello, para utilizarlo en la oficina, en casa y en cualquier lugar mientras viajas.  Disfruta de env\u00edo gratuito a todo el mundo y de una garant\u00eda de devoluci\u00f3n del dinero de 60 d\u00edas.  Plazo de entrega garantizado a EE.UU. y la UE en 5-7 d\u00edas.","og_url":"https:\/\/elopulse.com\/es\/tienda\/neopemf-tube\/","og_site_name":"elopulse.com","article_modified_time":"2025-05-28T20:16:29+00:00","og_image":[{"width":800,"height":800,"url":"https:\/\/elopulse.com\/wp-content\/uploads\/2025\/03\/Cojin-NEO-1.webp","type":"image\/webp"}],"twitter_card":"summary_large_image","twitter_misc":{"Tiempo de lectura":"3 minutos"},"schema":{"@context":"https:\/\/schema.org","@graph":[{"@type":"WebPage","@id":"https:\/\/elopulse.com\/es\/tienda\/neopemf-tube\/","url":"https:\/\/elopulse.com\/es\/tienda\/neopemf-tube\/","name":"NEOPEMF TUBE - elopulse.com","isPartOf":{"@id":"https:\/\/elopulse.com\/es\/#website"},"primaryImageOfPage":{"@id":"https:\/\/elopulse.com\/es\/tienda\/neopemf-tube\/#primaryimage"},"image":{"@id":"https:\/\/elopulse.com\/es\/tienda\/neopemf-tube\/#primaryimage"},"thumbnailUrl":"https:\/\/elopulse.com\/wp-content\/uploads\/2025\/03\/Cojin-NEO-1.webp","datePublished":"2025-04-02T13:46:09+00:00","dateModified":"2025-05-28T20:16:29+00:00","breadcrumb":{"@id":"https:\/\/elopulse.com\/es\/tienda\/neopemf-tube\/#breadcrumb"},"inLanguage":"es","potentialAction":[{"@type":"ReadAction","target":["https:\/\/elopulse.com\/es\/tienda\/neopemf-tube\/"]}]},{"@type":"ImageObject","inLanguage":"es","@id":"https:\/\/elopulse.com\/es\/tienda\/neopemf-tube\/#primaryimage","url":"https:\/\/elopulse.com\/wp-content\/uploads\/2025\/03\/Cojin-NEO-1.webp","contentUrl":"https:\/\/elopulse.com\/wp-content\/uploads\/2025\/03\/Cojin-NEO-1.webp","width":800,"height":800},{"@type":"BreadcrumbList","@id":"https:\/\/elopulse.com\/es\/tienda\/neopemf-tube\/#breadcrumb","itemListElement":[{"@type":"ListItem","position":1,"name":"Home","item":"https:\/\/elopulse.com\/es\/"},{"@type":"ListItem","position":2,"name":"Tienda","item":"https:\/\/elopulse.com\/es\/tienda\/"},{"@type":"ListItem","position":3,"name":"NEOPEMF TUBE"}]},{"@type":"WebSite","@id":"https:\/\/elopulse.com\/es\/#website","url":"https:\/\/elopulse.com\/es\/","name":"elopulse.com","description":"Empower Your Mind","potentialAction":[{"@type":"SearchAction","target":{"@type":"EntryPoint","urlTemplate":"https:\/\/elopulse.com\/es\/?s={search_term_string}"},"query-input":{"@type":"PropertyValueSpecification","valueRequired":true,"valueName":"search_term_string"}}],"inLanguage":"es"}]}},"_links":{"self":[{"href":"https:\/\/elopulse.com\/es\/wp-json\/wp\/v2\/product\/4942","targetHints":{"allow":["GET"]}}],"collection":[{"href":"https:\/\/elopulse.com\/es\/wp-json\/wp\/v2\/product"}],"about":[{"href":"https:\/\/elopulse.com\/es\/wp-json\/wp\/v2\/types\/product"}],"replies":[{"embeddable":true,"href":"https:\/\/elopulse.com\/es\/wp-json\/wp\/v2\/comments?post=4942"}],"wp:featuredmedia":[{"embeddable":true,"href":"https:\/\/elopulse.com\/es\/wp-json\/wp\/v2\/media\/4765"}],"wp:attachment":[{"href":"https:\/\/elopulse.com\/es\/wp-json\/wp\/v2\/media?parent=4942"}],"wp:term":[{"taxonomy":"product_brand","embeddable":true,"href":"https:\/\/elopulse.com\/es\/wp-json\/wp\/v2\/product_brand?post=4942"},{"taxonomy":"product_cat","embeddable":true,"href":"https:\/\/elopulse.com\/es\/wp-json\/wp\/v2\/product_cat?post=4942"},{"taxonomy":"product_tag","embeddable":true,"href":"https:\/\/elopulse.com\/es\/wp-json\/wp\/v2\/product_tag?post=4942"}],"curies":[{"name":"wp","href":"https:\/\/api.w.org\/{rel}","templated":true}]}}