{"id":4956,"date":"2025-04-23T12:23:50","date_gmt":"2025-04-23T12:23:50","guid":{"rendered":"https:\/\/elopulse.com\/shop\/diadema-neopemf-duopack\/"},"modified":"2025-05-28T12:40:28","modified_gmt":"2025-05-28T12:40:28","slug":"neopemf-headband-duopack","status":"publish","type":"product","link":"https:\/\/elopulse.com\/es\/tienda\/neopemf-headband-duopack\/","title":{"rendered":"NEOPEMF HEADBAND DUOPACK"},"content":{"rendered":"<p>NEOPEMF es un dispositivo port\u00e1til que utiliza la tecnolog\u00eda del Campo Electromagn\u00e9tico Pulsado (PEMF) para promover el bienestar y mejorar la vida cotidiana. Su dise\u00f1o ligero y c\u00f3modo permite utilizarlo f\u00e1cilmente en varias partes del cuerpo, lo que lo convierte en un dispositivo port\u00e1til ideal para todo el cuerpo. <\/p>\n<p>Con programas preestablecidos y opciones personalizables, NEOPEMF puede adaptarse a las necesidades individuales para una terapia personalizada. Ya sea para reducir la tensi\u00f3n, aumentar la relajaci\u00f3n o mejorar la vitalidad, el aparato es una soluci\u00f3n pr\u00e1ctica e innovadora para fomentar el bienestar. <\/p>\n<p>NEOPEMF es recargable y viene equipado con una aplicaci\u00f3n m\u00f3vil para realizar el seguimiento de las sesiones y personalizar los programas, lo que aumenta la comodidad general.<\/p>\n<p>NEOPEMF es un dispositivo PEMF vers\u00e1til que puede utilizarse en varias partes del cuerpo, gracias a su tecnolog\u00eda de estimulaci\u00f3n de 360\u2070, incluido el cuello, las articulaciones doloridas y el est\u00f3mago, lo que lo convierte en una soluci\u00f3n vers\u00e1til para tratar el malestar y la inquietud. Est\u00e1 dise\u00f1ado para el bienestar f\u00edsico y mental, con capacidad para promover la relajaci\u00f3n, dormir mejor, aliviar el dolor y mucho m\u00e1s. Con intensidades personalizables y seis modos distintos, el dispositivo NEOPEMF puede adaptarse a necesidades espec\u00edficas, lo que lo convierte en una potente herramienta para mejorar el bienestar general.  <\/p>\n<p>La aplicaci\u00f3n NeoRhythm puede descargarse en <a href=\"https:\/\/apple.com\/\" target=\"_new\">Apple App Store<\/a> y <a href=\"https:\/\/play.google.com\/\" target=\"_new\">Google Play Store<\/a>. Con la aplicaci\u00f3n, los usuarios pueden elegir entre 12 programas predefinidos en cinco categor\u00edas: energ\u00eda, sue\u00f1o, meditaci\u00f3n, relajaci\u00f3n y bienestar f\u00edsico, cada uno con una descripci\u00f3n y recomendaciones de uso. Adem\u00e1s, el modo avanzado de la aplicaci\u00f3n permite a los usuarios crear sus propios programas personalizados, ajustando la potencia, las bobinas utilizadas, las frecuencias y las duraciones. La aplicaci\u00f3n tambi\u00e9n incluye un rastreador de sesiones, que permite a los usuarios controlar su uso y progreso a lo largo del tiempo. Con la aplicaci\u00f3n NeoRhythm, aprovechar el poder de la terapia PEMF nunca ha sido tan f\u00e1cil.    <\/p>\n<p><strong>Especificaciones:<\/strong><\/p>\n<ul>\n<li>Gama de frecuencias: 1 &#8211; 303,41 Hz<\/li>\n<li>Intensidad m\u00e1xima: 25 Gauss (2,5 mT)<\/li>\n<li>Forma de onda: Trapezoidal<\/li>\n<li>Peso: 105 g<\/li>\n<li>Bater\u00eda interna recargable (cable micro USB)<\/li>\n<li>2 a\u00f1os de garant\u00eda<\/li>\n<li>Dimensiones: 160 mm x 170 mm x 28 mm (6,3 x 6,7 x 1,1 pulgadas)<\/li>\n<\/ul>\n","protected":false},"excerpt":{"rendered":"<p><strong>El Duopack NeoRhythm contiene 2 wearables NeoRhythm<\/strong>.<br \/>\nEl wearable NeoRhythm es el dispositivo PEMF m\u00e1s ligero y peque\u00f1o del mercado. Su exclusiva forma en U puede proporcionar estimulaci\u00f3n local y mejorar el bienestar general. <\/p>\n<ul>\n<li>Experimenta el alivio del dolor, un sue\u00f1o m\u00e1s profundo, relajaci\u00f3n, mayor concentraci\u00f3n, meditaci\u00f3n mejorada y beneficios transformadores con la tecnolog\u00eda PEMF de vanguardia.<\/li>\n<li>El dispositivo PEMF para todo el cuerpo m\u00e1s vendido y vers\u00e1til est\u00e1 dise\u00f1ado tanto para fines f\u00edsicos como mentales, y es adecuado para utilizarlo en casa, en la oficina o mientras viajas.<\/li>\n<li>Disfruta de env\u00edo gratuito a todo el mundo y de una garant\u00eda de devoluci\u00f3n del dinero de 60 d\u00edas.<\/li>\n<li>Plazo de entrega garantizado a EE.UU. y la UE en 5-7 d\u00edas.<\/li>\n<\/ul>\n","protected":false},"featured_media":4752,"comment_status":"open","ping_status":"closed","template":"","meta":{"_et_pb_use_builder":"","_et_pb_old_content":"NEOPEMF es un dispositivo port\u00e1til que utiliza la tecnolog\u00eda del Campo Electromagn\u00e9tico Pulsado (PEMF) para promover el bienestar y mejorar la vida cotidiana. Su dise\u00f1o ligero y c\u00f3modo permite utilizarlo f\u00e1cilmente en varias partes del cuerpo, lo que lo convierte en un dispositivo port\u00e1til ideal para todo el cuerpo. \r\n\r\nCon programas preestablecidos y opciones personalizables, NEOPEMF puede adaptarse a las necesidades individuales para una terapia personalizada. Ya sea para reducir la tensi\u00f3n, aumentar la relajaci\u00f3n o mejorar la vitalidad, el aparato es una soluci\u00f3n pr\u00e1ctica e innovadora para fomentar el bienestar. \r\n\r\nNEOPEMF es recargable y viene equipado con una aplicaci\u00f3n m\u00f3vil para realizar el seguimiento de las sesiones y personalizar los programas, lo que aumenta la comodidad general.\r\n\r\nNEOPEMF es un dispositivo PEMF vers\u00e1til que puede utilizarse en varias partes del cuerpo, gracias a su tecnolog\u00eda de estimulaci\u00f3n de 360\u2070, incluido el cuello, las articulaciones doloridas y el est\u00f3mago, lo que lo convierte en una soluci\u00f3n vers\u00e1til para tratar el malestar y la inquietud. Est\u00e1 dise\u00f1ado para el bienestar f\u00edsico y mental, con capacidad para promover la relajaci\u00f3n, dormir mejor, aliviar el dolor y mucho m\u00e1s. Con intensidades personalizables y seis modos distintos, el dispositivo NEOPEMF puede adaptarse a necesidades espec\u00edficas, lo que lo convierte en una potente herramienta para mejorar el bienestar general.  \r\n\r\nLa aplicaci\u00f3n NeoRhythm puede descargarse en <a href=\"https:\/\/apple.com\/\" target=\"_new\">Apple App Store<\/a> y <a href=\"https:\/\/play.google.com\/\" target=\"_new\">Google Play Store<\/a>. Con la aplicaci\u00f3n, los usuarios pueden elegir entre 12 programas predefinidos en cinco categor\u00edas: energ\u00eda, sue\u00f1o, meditaci\u00f3n, relajaci\u00f3n y bienestar f\u00edsico, cada uno con una descripci\u00f3n y recomendaciones de uso. Adem\u00e1s, el modo avanzado de la aplicaci\u00f3n permite a los usuarios crear sus propios programas personalizados, ajustando la potencia, las bobinas utilizadas, las frecuencias y las duraciones. La aplicaci\u00f3n tambi\u00e9n incluye un rastreador de sesiones, que permite a los usuarios controlar su uso y progreso a lo largo del tiempo. Con la aplicaci\u00f3n NeoRhythm, aprovechar el poder de la terapia PEMF nunca ha sido tan f\u00e1cil.    \r\n\r\n<strong>Especificaciones:<\/strong>\r\n<ul>\r\n \t<li>Gama de frecuencias: 1 - 303,41 Hz<\/li>\r\n \t<li>Intensidad m\u00e1xima: 25 Gauss (2,5 mT)<\/li>\r\n \t<li>Forma de onda: Trapezoidal<\/li>\r\n \t<li>Peso: 105 g<\/li>\r\n \t<li>Bater\u00eda interna recargable (cable micro USB)<\/li>\r\n \t<li>2 a\u00f1os de garant\u00eda<\/li>\r\n \t<li>Dimensiones: 160 mm x 170 mm x 28 mm (6,3 x 6,7 x 1,1 pulgadas)<\/li>\r\n<\/ul>","_et_gb_content_width":""},"product_brand":[],"product_cat":[33],"product_tag":[],"class_list":{"0":"post-4956","1":"product","2":"type-product","3":"status-publish","4":"has-post-thumbnail","6":"product_cat-omnipemf-es","8":"first","9":"instock","10":"sale","11":"downloadable","12":"virtual","13":"purchasable","14":"product-type-simple"},"yoast_head":"<!-- This site is optimized with the Yoast SEO plugin v27.4 - https:\/\/yoast.com\/product\/yoast-seo-wordpress\/ -->\n<title>NEOPEMF HEADBAND DUOPACK - elopulse.com<\/title>\n<meta name=\"robots\" content=\"index, follow, max-snippet:-1, max-image-preview:large, max-video-preview:-1\" \/>\n<link rel=\"canonical\" href=\"https:\/\/elopulse.com\/es\/tienda\/neopemf-headband-duopack\/\" \/>\n<meta property=\"og:locale\" content=\"es_ES\" \/>\n<meta property=\"og:type\" content=\"article\" \/>\n<meta property=\"og:title\" content=\"NEOPEMF HEADBAND DUOPACK - elopulse.com\" \/>\n<meta property=\"og:description\" content=\"El Duopack NeoRhythm contiene 2 wearables NeoRhythm. El wearable NeoRhythm es el dispositivo PEMF m\u00e1s ligero y peque\u00f1o del mercado. Su exclusiva forma en U puede proporcionar estimulaci\u00f3n local y mejorar el bienestar general.   Experimenta el alivio del dolor, un sue\u00f1o m\u00e1s profundo, relajaci\u00f3n, mayor concentraci\u00f3n, meditaci\u00f3n mejorada y beneficios transformadores con la tecnolog\u00eda PEMF de vanguardia.  El dispositivo PEMF para todo el cuerpo m\u00e1s vendido y vers\u00e1til est\u00e1 dise\u00f1ado tanto para fines f\u00edsicos como mentales, y es adecuado para utilizarlo en casa, en la oficina o mientras viajas.  Disfruta de env\u00edo gratuito a todo el mundo y de una garant\u00eda de devoluci\u00f3n del dinero de 60 d\u00edas.  Plazo de entrega garantizado a EE.UU. y la UE en 5-7 d\u00edas.\" \/>\n<meta property=\"og:url\" content=\"https:\/\/elopulse.com\/es\/tienda\/neopemf-headband-duopack\/\" \/>\n<meta property=\"og:site_name\" content=\"elopulse.com\" \/>\n<meta property=\"article:modified_time\" content=\"2025-05-28T12:40:28+00:00\" \/>\n<meta property=\"og:image\" content=\"https:\/\/elopulse.com\/wp-content\/uploads\/2025\/03\/DuoPack.webp\" \/>\n\t<meta property=\"og:image:width\" content=\"800\" \/>\n\t<meta property=\"og:image:height\" content=\"800\" \/>\n\t<meta property=\"og:image:type\" content=\"image\/webp\" \/>\n<meta name=\"twitter:card\" content=\"summary_large_image\" \/>\n<meta name=\"twitter:label1\" content=\"Tiempo de lectura\" \/>\n\t<meta name=\"twitter:data1\" content=\"2 minutos\" \/>\n<script type=\"application\/ld+json\" class=\"yoast-schema-graph\">{\"@context\":\"https:\\\/\\\/schema.org\",\"@graph\":[{\"@type\":\"WebPage\",\"@id\":\"https:\\\/\\\/elopulse.com\\\/es\\\/tienda\\\/neopemf-headband-duopack\\\/\",\"url\":\"https:\\\/\\\/elopulse.com\\\/es\\\/tienda\\\/neopemf-headband-duopack\\\/\",\"name\":\"NEOPEMF HEADBAND DUOPACK - elopulse.com\",\"isPartOf\":{\"@id\":\"https:\\\/\\\/elopulse.com\\\/es\\\/#website\"},\"primaryImageOfPage\":{\"@id\":\"https:\\\/\\\/elopulse.com\\\/es\\\/tienda\\\/neopemf-headband-duopack\\\/#primaryimage\"},\"image\":{\"@id\":\"https:\\\/\\\/elopulse.com\\\/es\\\/tienda\\\/neopemf-headband-duopack\\\/#primaryimage\"},\"thumbnailUrl\":\"https:\\\/\\\/elopulse.com\\\/wp-content\\\/uploads\\\/2025\\\/03\\\/DuoPack.webp\",\"datePublished\":\"2025-04-23T12:23:50+00:00\",\"dateModified\":\"2025-05-28T12:40:28+00:00\",\"breadcrumb\":{\"@id\":\"https:\\\/\\\/elopulse.com\\\/es\\\/tienda\\\/neopemf-headband-duopack\\\/#breadcrumb\"},\"inLanguage\":\"es\",\"potentialAction\":[{\"@type\":\"ReadAction\",\"target\":[\"https:\\\/\\\/elopulse.com\\\/es\\\/tienda\\\/neopemf-headband-duopack\\\/\"]}]},{\"@type\":\"ImageObject\",\"inLanguage\":\"es\",\"@id\":\"https:\\\/\\\/elopulse.com\\\/es\\\/tienda\\\/neopemf-headband-duopack\\\/#primaryimage\",\"url\":\"https:\\\/\\\/elopulse.com\\\/wp-content\\\/uploads\\\/2025\\\/03\\\/DuoPack.webp\",\"contentUrl\":\"https:\\\/\\\/elopulse.com\\\/wp-content\\\/uploads\\\/2025\\\/03\\\/DuoPack.webp\",\"width\":800,\"height\":800},{\"@type\":\"BreadcrumbList\",\"@id\":\"https:\\\/\\\/elopulse.com\\\/es\\\/tienda\\\/neopemf-headband-duopack\\\/#breadcrumb\",\"itemListElement\":[{\"@type\":\"ListItem\",\"position\":1,\"name\":\"Home\",\"item\":\"https:\\\/\\\/elopulse.com\\\/es\\\/\"},{\"@type\":\"ListItem\",\"position\":2,\"name\":\"Tienda\",\"item\":\"https:\\\/\\\/elopulse.com\\\/es\\\/tienda\\\/\"},{\"@type\":\"ListItem\",\"position\":3,\"name\":\"NEOPEMF HEADBAND DUOPACK\"}]},{\"@type\":\"WebSite\",\"@id\":\"https:\\\/\\\/elopulse.com\\\/es\\\/#website\",\"url\":\"https:\\\/\\\/elopulse.com\\\/es\\\/\",\"name\":\"elopulse.com\",\"description\":\"Empower Your Mind\",\"potentialAction\":[{\"@type\":\"SearchAction\",\"target\":{\"@type\":\"EntryPoint\",\"urlTemplate\":\"https:\\\/\\\/elopulse.com\\\/es\\\/?s={search_term_string}\"},\"query-input\":{\"@type\":\"PropertyValueSpecification\",\"valueRequired\":true,\"valueName\":\"search_term_string\"}}],\"inLanguage\":\"es\"}]}<\/script>\n<!-- \/ Yoast SEO plugin. -->","yoast_head_json":{"title":"NEOPEMF HEADBAND DUOPACK - elopulse.com","robots":{"index":"index","follow":"follow","max-snippet":"max-snippet:-1","max-image-preview":"max-image-preview:large","max-video-preview":"max-video-preview:-1"},"canonical":"https:\/\/elopulse.com\/es\/tienda\/neopemf-headband-duopack\/","og_locale":"es_ES","og_type":"article","og_title":"NEOPEMF HEADBAND DUOPACK - elopulse.com","og_description":"El Duopack NeoRhythm contiene 2 wearables NeoRhythm. El wearable NeoRhythm es el dispositivo PEMF m\u00e1s ligero y peque\u00f1o del mercado. Su exclusiva forma en U puede proporcionar estimulaci\u00f3n local y mejorar el bienestar general.   Experimenta el alivio del dolor, un sue\u00f1o m\u00e1s profundo, relajaci\u00f3n, mayor concentraci\u00f3n, meditaci\u00f3n mejorada y beneficios transformadores con la tecnolog\u00eda PEMF de vanguardia.  El dispositivo PEMF para todo el cuerpo m\u00e1s vendido y vers\u00e1til est\u00e1 dise\u00f1ado tanto para fines f\u00edsicos como mentales, y es adecuado para utilizarlo en casa, en la oficina o mientras viajas.  Disfruta de env\u00edo gratuito a todo el mundo y de una garant\u00eda de devoluci\u00f3n del dinero de 60 d\u00edas.  Plazo de entrega garantizado a EE.UU. y la UE en 5-7 d\u00edas.","og_url":"https:\/\/elopulse.com\/es\/tienda\/neopemf-headband-duopack\/","og_site_name":"elopulse.com","article_modified_time":"2025-05-28T12:40:28+00:00","og_image":[{"width":800,"height":800,"url":"https:\/\/elopulse.com\/wp-content\/uploads\/2025\/03\/DuoPack.webp","type":"image\/webp"}],"twitter_card":"summary_large_image","twitter_misc":{"Tiempo de lectura":"2 minutos"},"schema":{"@context":"https:\/\/schema.org","@graph":[{"@type":"WebPage","@id":"https:\/\/elopulse.com\/es\/tienda\/neopemf-headband-duopack\/","url":"https:\/\/elopulse.com\/es\/tienda\/neopemf-headband-duopack\/","name":"NEOPEMF HEADBAND DUOPACK - elopulse.com","isPartOf":{"@id":"https:\/\/elopulse.com\/es\/#website"},"primaryImageOfPage":{"@id":"https:\/\/elopulse.com\/es\/tienda\/neopemf-headband-duopack\/#primaryimage"},"image":{"@id":"https:\/\/elopulse.com\/es\/tienda\/neopemf-headband-duopack\/#primaryimage"},"thumbnailUrl":"https:\/\/elopulse.com\/wp-content\/uploads\/2025\/03\/DuoPack.webp","datePublished":"2025-04-23T12:23:50+00:00","dateModified":"2025-05-28T12:40:28+00:00","breadcrumb":{"@id":"https:\/\/elopulse.com\/es\/tienda\/neopemf-headband-duopack\/#breadcrumb"},"inLanguage":"es","potentialAction":[{"@type":"ReadAction","target":["https:\/\/elopulse.com\/es\/tienda\/neopemf-headband-duopack\/"]}]},{"@type":"ImageObject","inLanguage":"es","@id":"https:\/\/elopulse.com\/es\/tienda\/neopemf-headband-duopack\/#primaryimage","url":"https:\/\/elopulse.com\/wp-content\/uploads\/2025\/03\/DuoPack.webp","contentUrl":"https:\/\/elopulse.com\/wp-content\/uploads\/2025\/03\/DuoPack.webp","width":800,"height":800},{"@type":"BreadcrumbList","@id":"https:\/\/elopulse.com\/es\/tienda\/neopemf-headband-duopack\/#breadcrumb","itemListElement":[{"@type":"ListItem","position":1,"name":"Home","item":"https:\/\/elopulse.com\/es\/"},{"@type":"ListItem","position":2,"name":"Tienda","item":"https:\/\/elopulse.com\/es\/tienda\/"},{"@type":"ListItem","position":3,"name":"NEOPEMF HEADBAND DUOPACK"}]},{"@type":"WebSite","@id":"https:\/\/elopulse.com\/es\/#website","url":"https:\/\/elopulse.com\/es\/","name":"elopulse.com","description":"Empower Your Mind","potentialAction":[{"@type":"SearchAction","target":{"@type":"EntryPoint","urlTemplate":"https:\/\/elopulse.com\/es\/?s={search_term_string}"},"query-input":{"@type":"PropertyValueSpecification","valueRequired":true,"valueName":"search_term_string"}}],"inLanguage":"es"}]}},"_links":{"self":[{"href":"https:\/\/elopulse.com\/es\/wp-json\/wp\/v2\/product\/4956","targetHints":{"allow":["GET"]}}],"collection":[{"href":"https:\/\/elopulse.com\/es\/wp-json\/wp\/v2\/product"}],"about":[{"href":"https:\/\/elopulse.com\/es\/wp-json\/wp\/v2\/types\/product"}],"replies":[{"embeddable":true,"href":"https:\/\/elopulse.com\/es\/wp-json\/wp\/v2\/comments?post=4956"}],"wp:featuredmedia":[{"embeddable":true,"href":"https:\/\/elopulse.com\/es\/wp-json\/wp\/v2\/media\/4752"}],"wp:attachment":[{"href":"https:\/\/elopulse.com\/es\/wp-json\/wp\/v2\/media?parent=4956"}],"wp:term":[{"taxonomy":"product_brand","embeddable":true,"href":"https:\/\/elopulse.com\/es\/wp-json\/wp\/v2\/product_brand?post=4956"},{"taxonomy":"product_cat","embeddable":true,"href":"https:\/\/elopulse.com\/es\/wp-json\/wp\/v2\/product_cat?post=4956"},{"taxonomy":"product_tag","embeddable":true,"href":"https:\/\/elopulse.com\/es\/wp-json\/wp\/v2\/product_tag?post=4956"}],"curies":[{"name":"wp","href":"https:\/\/api.w.org\/{rel}","templated":true}]}}