{"id":4984,"date":"2025-04-02T13:52:33","date_gmt":"2025-04-02T13:52:33","guid":{"rendered":"https:\/\/elopulse.com\/shop\/tubo-del-haz-y-diadema\/"},"modified":"2025-05-28T12:09:04","modified_gmt":"2025-05-28T12:09:04","slug":"bundle-tube-and-headband","status":"publish","type":"product","link":"https:\/\/elopulse.com\/es\/tienda\/bundle-tube-and-headband\/","title":{"rendered":"BUNDLE TUBE AND HEADBAND"},"content":{"rendered":"<p>Experimenta el poder de la terapia PEMF en cualquier momento y lugar con nuestro Paquete de Tubo y Dispositivo Port\u00e1til.<\/p>\n<p><b>NeoRhythm Wearable y Tube<\/b> &#8211; utilizan el m\u00e9todo magn\u00e9tico no invasivo de la estimulaci\u00f3n del Campo Electromagn\u00e9tico Pulsante para dirigirse a zonas espec\u00edficas del cuerpo con el fin de ayudar al usuario a alcanzar un estado mental deseado, como el sue\u00f1o, la meditaci\u00f3n profunda, la relajaci\u00f3n, la concentraci\u00f3n, el bienestar f\u00edsico y mucho m\u00e1s.<\/p>\n<p><b>PARA VIAJES Y USO EN LA OFICINA<\/b> &#8211; Desp\u00eddete del estr\u00e9s y el desfase horario y da la bienvenida a ma\u00f1anas concentradas y noches descansadas. Con sus propiedades re-energizantes, la terapia PEMF es una soluci\u00f3n eficaz para los casos cr\u00f3nicos de malestar, proporcionando beneficios duraderos para mejorar tu bienestar general.<\/p>\n<p><b>3 EN 1<\/b> &#8211; Transforma tu experiencia de viaje con el Tubo, una vers\u00e1til almohada de viaje o cervical que funciona tambi\u00e9n como dispositivo de terapia PEMF. Su funci\u00f3n de ajuste hace que se adapte perfectamente a cualquier asiento o silla, mientras que el Wearable te permite disfrutar de los beneficios del PEMF sobre la marcha acopl\u00e1ndolo a tus rodillas, hombros o cualquier parte del cuerpo.<\/p>\n<p><b>DISPOSITIVO PARA TODO<\/b> EL CUERPO &#8211; El NeoRhythm Wearable y el Tubo son dispositivos PEMF localizados y pueden utilizarse en todo el cuerpo, reduciendo la inflamaci\u00f3n, mejorando los procesos naturales de recuperaci\u00f3n y aliviando tambi\u00e9n los dolores musculares.<\/p>\n<p><b>C\u00d3MO SE SIENTE EL PEMF<\/b> &#8211; Los dispositivos NeoRhythm funcionan silenciosamente y no producen sensaciones de quemaz\u00f3n, hormigueo o pulsaciones. Son f\u00e1ciles de autoaplicar y funcionan sobre ropa ligera. Util\u00edzalos dos veces al d\u00eda hasta que aparezcan resultados perceptibles y sigue utiliz\u00e1ndolos 2-3 veces a la semana para el mantenimiento.<\/p>\n<h4><span id=\"Specifications\" class=\"ez-toc-section\"><\/span>Especificaciones:<\/h4>\n<p><b>NeoRhythm Wearable<\/b><\/p>\n<p>Inal\u00e1mbrico y controlado por gestos<br \/>\nGama de frecuencias: 1 &#8211; 303,41 Hz<br \/>\nIntensidad m\u00e1xima: 25 Gauss (2,5 mT)<br \/>\nForma de onda: Trapezoidal<br \/>\nPeso 105 g<br \/>\nBater\u00eda interna recargable<br \/>\n2 a\u00f1os de garant\u00eda<br \/>\nDimensiones: 160 mm x 170 mm x 28 mm (6,3 pulg. x 6,7 pulg. x 1,1 pulg.)<\/p>\n<p><b>Tubo NeoRitmo<\/b><\/p>\n<p>Inal\u00e1mbrico y controlado por gestos<br \/>\nGama de frecuencias: 3 &#8211; 303,41 Hz<br \/>\nIntensidad m\u00e1xima: 25 Gauss (2,5 mT)<br \/>\nForma de onda: Trapezoidal<br \/>\nPeso: 295 g<br \/>\nBater\u00eda interna recargable<br \/>\n2 a\u00f1os de garant\u00eda<br \/>\nDimensiones: 400 mm x 100 mm x 150 mm (15,7 pulg. x 3,9 pulg. x 5,9 pulg.)<br \/>\nMaterial de la cubierta: Grafeno natural respetuoso con el medio ambiente<\/p>\n","protected":false},"excerpt":{"rendered":"<p><strong>Incluye el Tubo NeoRhythm y la Diadema Port\u00e1til<br \/>\n<\/strong><\/p>\n<ul class=\"specs-t\">\n<li data-rocket-lazy-bg-8e12011e-bd01-422f-8064-8be1d69361ba=\"excluded\" data-rocket-lazy-bg-4a46a40f-73ea-4abb-918a-2284358bb80b=\"excluded\">Mejora el enfoque y la concentraci\u00f3n, favorece la recuperaci\u00f3n f\u00edsica y rel\u00e1jate de forma r\u00e1pida y eficaz.<\/li>\n<li data-rocket-lazy-bg-8e12011e-bd01-422f-8064-8be1d69361ba=\"excluded\" data-rocket-lazy-bg-4a46a40f-73ea-4abb-918a-2284358bb80b=\"excluded\">Perfecta para usar en casa, en la oficina o de viaje.<\/li>\n<li data-rocket-lazy-bg-8e12011e-bd01-422f-8064-8be1d69361ba=\"excluded\" data-rocket-lazy-bg-4a46a40f-73ea-4abb-918a-2284358bb80b=\"excluded\">Puede utilizarse como almohada cervical o colocarse en cualquier asiento para mayor comodidad.<\/li>\n<li data-rocket-lazy-bg-8e12011e-bd01-422f-8064-8be1d69361ba=\"excluded\" data-rocket-lazy-bg-4a46a40f-73ea-4abb-918a-2284358bb80b=\"excluded\">Plazo de entrega garantizado a EE.UU. y la UE en 5-7 d\u00edas.<\/li>\n<\/ul>\n","protected":false},"featured_media":4772,"comment_status":"open","ping_status":"closed","template":"","meta":{"_et_pb_use_builder":"","_et_pb_old_content":"Experimenta el poder de la terapia PEMF en cualquier momento y lugar con nuestro Paquete de Tubo y Dispositivo Port\u00e1til.\r\n\r\n<b>NeoRhythm Wearable y Tube<\/b> - utilizan el m\u00e9todo magn\u00e9tico no invasivo de la estimulaci\u00f3n del Campo Electromagn\u00e9tico Pulsante para dirigirse a zonas espec\u00edficas del cuerpo con el fin de ayudar al usuario a alcanzar un estado mental deseado, como el sue\u00f1o, la meditaci\u00f3n profunda, la relajaci\u00f3n, la concentraci\u00f3n, el bienestar f\u00edsico y mucho m\u00e1s.\r\n\r\n<b>PARA VIAJES Y USO EN LA OFICINA<\/b> - Desp\u00eddete del estr\u00e9s y el desfase horario y da la bienvenida a ma\u00f1anas concentradas y noches descansadas. Con sus propiedades re-energizantes, la terapia PEMF es una soluci\u00f3n eficaz para los casos cr\u00f3nicos de malestar, proporcionando beneficios duraderos para mejorar tu bienestar general. \r\n\r\n<b>3 EN 1<\/b> - Transforma tu experiencia de viaje con el Tubo, una vers\u00e1til almohada de viaje o cervical que funciona tambi\u00e9n como dispositivo de terapia PEMF. Su funci\u00f3n de ajuste hace que se adapte perfectamente a cualquier asiento o silla, mientras que el Wearable te permite disfrutar de los beneficios del PEMF sobre la marcha acopl\u00e1ndolo a tus rodillas, hombros o cualquier parte del cuerpo. \r\n\r\n<b>DISPOSITIVO PARA TODO<\/b> EL CUERPO - El NeoRhythm Wearable y el Tubo son dispositivos PEMF localizados y pueden utilizarse en todo el cuerpo, reduciendo la inflamaci\u00f3n, mejorando los procesos naturales de recuperaci\u00f3n y aliviando tambi\u00e9n los dolores musculares.\r\n\r\n<b>C\u00d3MO SE SIENTE EL PEMF<\/b> - Los dispositivos NeoRhythm funcionan silenciosamente y no producen sensaciones de quemaz\u00f3n, hormigueo o pulsaciones. Son f\u00e1ciles de autoaplicar y funcionan sobre ropa ligera. Util\u00edzalos dos veces al d\u00eda hasta que aparezcan resultados perceptibles y sigue utiliz\u00e1ndolos 2-3 veces a la semana para el mantenimiento.  \r\n<h4><span id=\"Specifications\" class=\"ez-toc-section\"><\/span>Especificaciones:<\/h4>\r\n<b>NeoRhythm Wearable<\/b>\r\n\r\nInal\u00e1mbrico y controlado por gestos\r\nGama de frecuencias: 1 - 303,41 Hz\r\nIntensidad m\u00e1xima: 25 Gauss (2,5 mT)\r\nForma de onda: Trapezoidal\r\nPeso 105 g\r\nBater\u00eda interna recargable\r\n2 a\u00f1os de garant\u00eda\r\nDimensiones: 160 mm x 170 mm x 28 mm (6,3 pulg. x 6,7 pulg. x 1,1 pulg.)\r\n\r\n<b>Tubo NeoRitmo<\/b>\r\n\r\nInal\u00e1mbrico y controlado por gestos\r\nGama de frecuencias: 3 - 303,41 Hz\r\nIntensidad m\u00e1xima: 25 Gauss (2,5 mT)\r\nForma de onda: Trapezoidal\r\nPeso: 295 g\r\nBater\u00eda interna recargable\r\n2 a\u00f1os de garant\u00eda\r\nDimensiones: 400 mm x 100 mm x 150 mm (15,7 pulg. x 3,9 pulg. x 5,9 pulg.)\r\nMaterial de la cubierta: Grafeno natural respetuoso con el medio ambiente","_et_gb_content_width":""},"product_brand":[],"product_cat":[33],"product_tag":[],"class_list":{"0":"post-4984","1":"product","2":"type-product","3":"status-publish","4":"has-post-thumbnail","6":"product_cat-omnipemf-es","8":"first","9":"instock","10":"sale","11":"downloadable","12":"virtual","13":"purchasable","14":"product-type-simple"},"yoast_head":"<!-- This site is optimized with the Yoast SEO plugin v27.4 - https:\/\/yoast.com\/product\/yoast-seo-wordpress\/ -->\n<title>BUNDLE TUBE AND HEADBAND - elopulse.com<\/title>\n<meta name=\"robots\" content=\"index, follow, max-snippet:-1, max-image-preview:large, max-video-preview:-1\" \/>\n<link rel=\"canonical\" href=\"https:\/\/elopulse.com\/es\/tienda\/bundle-tube-and-headband\/\" \/>\n<meta property=\"og:locale\" content=\"es_ES\" \/>\n<meta property=\"og:type\" content=\"article\" \/>\n<meta property=\"og:title\" content=\"BUNDLE TUBE AND HEADBAND - elopulse.com\" \/>\n<meta property=\"og:description\" content=\"Incluye el Tubo NeoRhythm y la Diadema Port\u00e1til    Mejora el enfoque y la concentraci\u00f3n, favorece la recuperaci\u00f3n f\u00edsica y rel\u00e1jate de forma r\u00e1pida y eficaz.  Perfecta para usar en casa, en la oficina o de viaje.  Puede utilizarse como almohada cervical o colocarse en cualquier asiento para mayor comodidad.  Plazo de entrega garantizado a EE.UU. y la UE en 5-7 d\u00edas.\" \/>\n<meta property=\"og:url\" content=\"https:\/\/elopulse.com\/es\/tienda\/bundle-tube-and-headband\/\" \/>\n<meta property=\"og:site_name\" content=\"elopulse.com\" \/>\n<meta property=\"article:modified_time\" content=\"2025-05-28T12:09:04+00:00\" \/>\n<meta property=\"og:image\" content=\"https:\/\/elopulse.com\/wp-content\/uploads\/2025\/04\/Photo-1.webp\" \/>\n\t<meta property=\"og:image:width\" content=\"800\" \/>\n\t<meta property=\"og:image:height\" content=\"800\" \/>\n\t<meta property=\"og:image:type\" content=\"image\/webp\" \/>\n<meta name=\"twitter:card\" content=\"summary_large_image\" \/>\n<meta name=\"twitter:label1\" content=\"Tiempo de lectura\" \/>\n\t<meta name=\"twitter:data1\" content=\"2 minutos\" \/>\n<script type=\"application\/ld+json\" class=\"yoast-schema-graph\">{\"@context\":\"https:\\\/\\\/schema.org\",\"@graph\":[{\"@type\":\"WebPage\",\"@id\":\"https:\\\/\\\/elopulse.com\\\/es\\\/tienda\\\/bundle-tube-and-headband\\\/\",\"url\":\"https:\\\/\\\/elopulse.com\\\/es\\\/tienda\\\/bundle-tube-and-headband\\\/\",\"name\":\"BUNDLE TUBE AND HEADBAND - elopulse.com\",\"isPartOf\":{\"@id\":\"https:\\\/\\\/elopulse.com\\\/es\\\/#website\"},\"primaryImageOfPage\":{\"@id\":\"https:\\\/\\\/elopulse.com\\\/es\\\/tienda\\\/bundle-tube-and-headband\\\/#primaryimage\"},\"image\":{\"@id\":\"https:\\\/\\\/elopulse.com\\\/es\\\/tienda\\\/bundle-tube-and-headband\\\/#primaryimage\"},\"thumbnailUrl\":\"https:\\\/\\\/elopulse.com\\\/wp-content\\\/uploads\\\/2025\\\/04\\\/Photo-1.webp\",\"datePublished\":\"2025-04-02T13:52:33+00:00\",\"dateModified\":\"2025-05-28T12:09:04+00:00\",\"breadcrumb\":{\"@id\":\"https:\\\/\\\/elopulse.com\\\/es\\\/tienda\\\/bundle-tube-and-headband\\\/#breadcrumb\"},\"inLanguage\":\"es\",\"potentialAction\":[{\"@type\":\"ReadAction\",\"target\":[\"https:\\\/\\\/elopulse.com\\\/es\\\/tienda\\\/bundle-tube-and-headband\\\/\"]}]},{\"@type\":\"ImageObject\",\"inLanguage\":\"es\",\"@id\":\"https:\\\/\\\/elopulse.com\\\/es\\\/tienda\\\/bundle-tube-and-headband\\\/#primaryimage\",\"url\":\"https:\\\/\\\/elopulse.com\\\/wp-content\\\/uploads\\\/2025\\\/04\\\/Photo-1.webp\",\"contentUrl\":\"https:\\\/\\\/elopulse.com\\\/wp-content\\\/uploads\\\/2025\\\/04\\\/Photo-1.webp\",\"width\":800,\"height\":800},{\"@type\":\"BreadcrumbList\",\"@id\":\"https:\\\/\\\/elopulse.com\\\/es\\\/tienda\\\/bundle-tube-and-headband\\\/#breadcrumb\",\"itemListElement\":[{\"@type\":\"ListItem\",\"position\":1,\"name\":\"Home\",\"item\":\"https:\\\/\\\/elopulse.com\\\/es\\\/\"},{\"@type\":\"ListItem\",\"position\":2,\"name\":\"Tienda\",\"item\":\"https:\\\/\\\/elopulse.com\\\/es\\\/tienda\\\/\"},{\"@type\":\"ListItem\",\"position\":3,\"name\":\"BUNDLE TUBE AND HEADBAND\"}]},{\"@type\":\"WebSite\",\"@id\":\"https:\\\/\\\/elopulse.com\\\/es\\\/#website\",\"url\":\"https:\\\/\\\/elopulse.com\\\/es\\\/\",\"name\":\"elopulse.com\",\"description\":\"Empower Your Mind\",\"potentialAction\":[{\"@type\":\"SearchAction\",\"target\":{\"@type\":\"EntryPoint\",\"urlTemplate\":\"https:\\\/\\\/elopulse.com\\\/es\\\/?s={search_term_string}\"},\"query-input\":{\"@type\":\"PropertyValueSpecification\",\"valueRequired\":true,\"valueName\":\"search_term_string\"}}],\"inLanguage\":\"es\"}]}<\/script>\n<!-- \/ Yoast SEO plugin. -->","yoast_head_json":{"title":"BUNDLE TUBE AND HEADBAND - elopulse.com","robots":{"index":"index","follow":"follow","max-snippet":"max-snippet:-1","max-image-preview":"max-image-preview:large","max-video-preview":"max-video-preview:-1"},"canonical":"https:\/\/elopulse.com\/es\/tienda\/bundle-tube-and-headband\/","og_locale":"es_ES","og_type":"article","og_title":"BUNDLE TUBE AND HEADBAND - elopulse.com","og_description":"Incluye el Tubo NeoRhythm y la Diadema Port\u00e1til    Mejora el enfoque y la concentraci\u00f3n, favorece la recuperaci\u00f3n f\u00edsica y rel\u00e1jate de forma r\u00e1pida y eficaz.  Perfecta para usar en casa, en la oficina o de viaje.  Puede utilizarse como almohada cervical o colocarse en cualquier asiento para mayor comodidad.  Plazo de entrega garantizado a EE.UU. y la UE en 5-7 d\u00edas.","og_url":"https:\/\/elopulse.com\/es\/tienda\/bundle-tube-and-headband\/","og_site_name":"elopulse.com","article_modified_time":"2025-05-28T12:09:04+00:00","og_image":[{"width":800,"height":800,"url":"https:\/\/elopulse.com\/wp-content\/uploads\/2025\/04\/Photo-1.webp","type":"image\/webp"}],"twitter_card":"summary_large_image","twitter_misc":{"Tiempo de lectura":"2 minutos"},"schema":{"@context":"https:\/\/schema.org","@graph":[{"@type":"WebPage","@id":"https:\/\/elopulse.com\/es\/tienda\/bundle-tube-and-headband\/","url":"https:\/\/elopulse.com\/es\/tienda\/bundle-tube-and-headband\/","name":"BUNDLE TUBE AND HEADBAND - elopulse.com","isPartOf":{"@id":"https:\/\/elopulse.com\/es\/#website"},"primaryImageOfPage":{"@id":"https:\/\/elopulse.com\/es\/tienda\/bundle-tube-and-headband\/#primaryimage"},"image":{"@id":"https:\/\/elopulse.com\/es\/tienda\/bundle-tube-and-headband\/#primaryimage"},"thumbnailUrl":"https:\/\/elopulse.com\/wp-content\/uploads\/2025\/04\/Photo-1.webp","datePublished":"2025-04-02T13:52:33+00:00","dateModified":"2025-05-28T12:09:04+00:00","breadcrumb":{"@id":"https:\/\/elopulse.com\/es\/tienda\/bundle-tube-and-headband\/#breadcrumb"},"inLanguage":"es","potentialAction":[{"@type":"ReadAction","target":["https:\/\/elopulse.com\/es\/tienda\/bundle-tube-and-headband\/"]}]},{"@type":"ImageObject","inLanguage":"es","@id":"https:\/\/elopulse.com\/es\/tienda\/bundle-tube-and-headband\/#primaryimage","url":"https:\/\/elopulse.com\/wp-content\/uploads\/2025\/04\/Photo-1.webp","contentUrl":"https:\/\/elopulse.com\/wp-content\/uploads\/2025\/04\/Photo-1.webp","width":800,"height":800},{"@type":"BreadcrumbList","@id":"https:\/\/elopulse.com\/es\/tienda\/bundle-tube-and-headband\/#breadcrumb","itemListElement":[{"@type":"ListItem","position":1,"name":"Home","item":"https:\/\/elopulse.com\/es\/"},{"@type":"ListItem","position":2,"name":"Tienda","item":"https:\/\/elopulse.com\/es\/tienda\/"},{"@type":"ListItem","position":3,"name":"BUNDLE TUBE AND HEADBAND"}]},{"@type":"WebSite","@id":"https:\/\/elopulse.com\/es\/#website","url":"https:\/\/elopulse.com\/es\/","name":"elopulse.com","description":"Empower Your Mind","potentialAction":[{"@type":"SearchAction","target":{"@type":"EntryPoint","urlTemplate":"https:\/\/elopulse.com\/es\/?s={search_term_string}"},"query-input":{"@type":"PropertyValueSpecification","valueRequired":true,"valueName":"search_term_string"}}],"inLanguage":"es"}]}},"_links":{"self":[{"href":"https:\/\/elopulse.com\/es\/wp-json\/wp\/v2\/product\/4984","targetHints":{"allow":["GET"]}}],"collection":[{"href":"https:\/\/elopulse.com\/es\/wp-json\/wp\/v2\/product"}],"about":[{"href":"https:\/\/elopulse.com\/es\/wp-json\/wp\/v2\/types\/product"}],"replies":[{"embeddable":true,"href":"https:\/\/elopulse.com\/es\/wp-json\/wp\/v2\/comments?post=4984"}],"wp:featuredmedia":[{"embeddable":true,"href":"https:\/\/elopulse.com\/es\/wp-json\/wp\/v2\/media\/4772"}],"wp:attachment":[{"href":"https:\/\/elopulse.com\/es\/wp-json\/wp\/v2\/media?parent=4984"}],"wp:term":[{"taxonomy":"product_brand","embeddable":true,"href":"https:\/\/elopulse.com\/es\/wp-json\/wp\/v2\/product_brand?post=4984"},{"taxonomy":"product_cat","embeddable":true,"href":"https:\/\/elopulse.com\/es\/wp-json\/wp\/v2\/product_cat?post=4984"},{"taxonomy":"product_tag","embeddable":true,"href":"https:\/\/elopulse.com\/es\/wp-json\/wp\/v2\/product_tag?post=4984"}],"curies":[{"name":"wp","href":"https:\/\/api.w.org\/{rel}","templated":true}]}}